{"id":12080,"date":"2026-03-06T11:57:52","date_gmt":"2026-03-06T10:57:52","guid":{"rendered":"https:\/\/dev.jems-group.com\/?page_id=12080"},"modified":"2026-04-22T10:55:11","modified_gmt":"2026-04-22T08:55:11","slug":"environmental-pillar","status":"publish","type":"page","link":"https:\/\/www.jems-group.com\/en\/rse\/pilier-environnemental\/","title":{"rendered":"Environmental pillar"},"content":{"rendered":"<div data-elementor-type=\"wp-page\" data-elementor-id=\"12080\" class=\"elementor elementor-12080\" data-elementor-post-type=\"page\">\n\t\t\t\t<div class=\"elementor-element elementor-element-1bc13b4 e-flex e-con-boxed e-con e-parent\" data-id=\"1bc13b4\" data-element_type=\"container\" data-e-type=\"container\" data-settings=\"{&quot;background_background&quot;:&quot;classic&quot;}\">\n\t\t\t\t\t<div class=\"e-con-inner\">\n\t\t<div class=\"elementor-element elementor-element-243bd42 e-con-full e-flex e-con e-child\" data-id=\"243bd42\" data-element_type=\"container\" data-e-type=\"container\">\n\t\t\t\t<div class=\"elementor-element elementor-element-5b99063 elementor-widget elementor-widget-global elementor-global-12335 elementor-widget-breadcrumbs\" data-id=\"5b99063\" data-element_type=\"widget\" data-e-type=\"widget\" data-widget_type=\"breadcrumbs.default\">\n\t\t\t\t\t<p id=\"breadcrumbs\"><span><span><a href=\"https:\/\/dev.jems-group.com\/\">Home<\/a><\/span><\/span><\/p>\t\t\t\t<\/div>\n\t\t\t\t<div class=\"elementor-element elementor-element-157f2e1 elementor-widget elementor-widget-heading\" data-id=\"157f2e1\" data-element_type=\"widget\" data-e-type=\"widget\" data-no-translation=\"\" data-widget_type=\"heading.default\">\n\t\t\t\t\t<style>.elementor-element-157f2e1{display:none !important}<\/style>\t\t\t\t<\/div>\n\t\t\t\t<div class=\"elementor-element elementor-element-5e780dc elementor-widget elementor-widget-heading\" data-id=\"5e780dc\" data-element_type=\"widget\" data-e-type=\"widget\" data-no-translation=\"\" data-widget_type=\"heading.default\">\n\t\t\t\t\t<h1 class=\"elementor-heading-title elementor-size-default\"><span class=\"mon-degrade\">Environmental<\/span> pillar<\/h1>\t\t\t\t<\/div>\n\t\t\t\t<div class=\"elementor-element elementor-element-dc962f9 elementor-widget elementor-widget-text-editor\" data-id=\"dc962f9\" data-element_type=\"widget\" data-e-type=\"widget\" data-widget_type=\"text-editor.default\">\n\t\t\t\t\t\t\t\t\t<div class=\"bg-beige pb-70\"><div class=\"container-lg max-1100\"><div class=\"content-after-intro\"><p>Digital technology accounts for a significant proportion of global CO2 emissions (4%), and this figure is constantly rising, especially since the advent of AI. At JEMS, we are committed to\u00a0<strong>to reduce our direct and indirect emissions by 50% by 2030<\/strong>\u00a0through a plan of\u00a0<strong>proactive decarbonization<\/strong>\u00a0compliant with<strong>\u00a0SBTi trajectory<\/strong>. Our products, services, and offerings incorporate a unique data industry methodology that minimizes energy consumption and demonstrates our concrete commitment to sustainable and responsible digital technology.<\/p><\/div><\/div><\/div>\t\t\t\t\t\t\t\t<\/div>\n\t\t\t\t<\/div>\n\t\t\t\t\t<\/div>\n\t\t\t\t<\/div>\n\t\t<div class=\"elementor-element elementor-element-ebb1d0f e-flex e-con-boxed e-con e-parent\" data-id=\"ebb1d0f\" data-element_type=\"container\" data-e-type=\"container\" data-settings=\"{&quot;shape_divider_top&quot;:&quot;arrow&quot;}\">\n\t\t\t\t\t<div class=\"e-con-inner\">\n\t\t\t\t<div class=\"elementor-shape elementor-shape-top\" aria-hidden=\"true\" data-negative=\"false\">\n\t\t\t<svg xmlns=\"http:\/\/www.w3.org\/2000\/svg\" viewbox=\"0 0 700 10\" preserveaspectratio=\"none\">\n\t<path class=\"elementor-shape-fill\" d=\"M350,10L340,0h20L350,10z\"\/>\n<\/svg>\t\t<\/div>\n\t\t<div class=\"elementor-element elementor-element-c4311ee e-con-full e-flex e-con e-child\" data-id=\"c4311ee\" data-element_type=\"container\" data-e-type=\"container\">\n\t\t<div class=\"elementor-element elementor-element-8c03cb3 e-con-full e-flex e-con e-child\" data-id=\"8c03cb3\" data-element_type=\"container\" data-e-type=\"container\">\n\t\t\t\t<div class=\"elementor-element elementor-element-ba5d9be elementor-widget elementor-widget-image\" data-id=\"ba5d9be\" data-element_type=\"widget\" data-e-type=\"widget\" data-widget_type=\"image.default\">\n\t\t\t\t\t\t\t\t\t\t\t\t\t\t\t<img fetchpriority=\"high\" decoding=\"async\" width=\"636\" height=\"420\" src=\"https:\/\/www.jems-group.com\/wp-content\/uploads\/2026\/03\/label-ecovadis-gold-jems.webp\" class=\"attachment-large size-large wp-image-12690\" alt=\"Ecovadis Gold Label\" srcset=\"https:\/\/www.jems-group.com\/wp-content\/uploads\/2026\/03\/label-ecovadis-gold-jems.webp 636w, https:\/\/www.jems-group.com\/wp-content\/uploads\/2026\/03\/label-ecovadis-gold-jems-300x198.webp 300w, https:\/\/www.jems-group.com\/wp-content\/uploads\/2026\/03\/label-ecovadis-gold-jems-18x12.jpg 18w\" sizes=\"(max-width: 636px) 100vw, 636px\" \/>\t\t\t\t\t\t\t\t\t\t\t\t\t\t\t<\/div>\n\t\t\t\t<\/div>\n\t\t<div class=\"elementor-element elementor-element-7c9c2c6 e-con-full e-flex e-con e-child\" data-id=\"7c9c2c6\" data-element_type=\"container\" data-e-type=\"container\">\n\t\t\t\t<div class=\"elementor-element elementor-element-6c9ec2a elementor-widget elementor-widget-heading\" data-id=\"6c9ec2a\" data-element_type=\"widget\" data-e-type=\"widget\" data-widget_type=\"heading.default\">\n\t\t\t\t\t<h3 class=\"elementor-heading-title elementor-size-default\">Ecovadis GOLD Label<\/h3>\t\t\t\t<\/div>\n\t\t\t\t<div class=\"elementor-element elementor-element-7507792 elementor-widget elementor-widget-text-editor\" data-id=\"7507792\" data-element_type=\"widget\" data-e-type=\"widget\" data-widget_type=\"text-editor.default\">\n\t\t\t\t\t\t\t\t\t<p>The\u00a0<strong><a href=\"https:\/\/dev.jems-group.com\/actualites\/jems-obtient-le-label-gold-decovadis-pour-ses-performances-rse\/\">label GOLD Ecovadis<\/a><\/strong>\u00a0obtained by JEMS is the result of a rigorous assessment based on four key pillars: the environment, human and social rights, ethics, and responsible purchasing. With an overall score of 73\/100, JEMS demonstrates its commitment to reducing its environmental impact and improving its social and ethical practices.<\/p>\t\t\t\t\t\t\t\t<\/div>\n\t\t\t\t<\/div>\n\t\t\t\t<\/div>\n\t\t\t\t<div class=\"elementor-element elementor-element-be119e9 elementor-widget elementor-widget-heading\" data-id=\"be119e9\" data-element_type=\"widget\" data-e-type=\"widget\" data-widget_type=\"heading.default\">\n\t\t\t\t\t<h2 class=\"elementor-heading-title elementor-size-default\">I. Climate change and responsible digital technology<\/h2>\t\t\t\t<\/div>\n\t\t\t\t<div class=\"elementor-element elementor-element-5b98dfd elementor-widget elementor-widget-text-editor\" data-id=\"5b98dfd\" data-element_type=\"widget\" data-e-type=\"widget\" data-widget_type=\"text-editor.default\">\n\t\t\t\t\t\t\t\t\t<div class=\"content-intro text-center\"><div class=\"content-after-intro max-1100\"><p>By joining\u00a0<strong>the SBTi initiative<\/strong>, JEMS has committed to setting clear, measurable, science-based targets to reduce\u00a0<strong>50% of its GHG emissions by 2030<\/strong>. This commitment represents a crucial step in our environmental responsibility approach and demonstrates our desire to adopt sustainable practices in the long term.<\/p><p>We are signatories to the manifesto\u00a0<strong><a href=\"https:\/\/dev.jems-group.com\/actualites\/jems-sengage-pour-un-numerique-eco-responsable-avec-planet-techcare\/\">Planet Tech\u2019Care<\/a><\/strong>at the initiative of our union\u00a0<strong>Numeum<\/strong>. This initiative commits us to measuring and reducing our environmental impact, as well as raising awareness among our employees and stakeholders.<br \/>We are joining\u00a0<strong>the Institute for Responsible Digital Technology<\/strong>\u00a0in order to obtain Level 1 certification and Lucie certification in 2025.<\/p><\/div><\/div>\t\t\t\t\t\t\t\t<\/div>\n\t\t<div class=\"elementor-element elementor-element-6823b70 e-con-full e-flex e-con e-child\" data-id=\"6823b70\" data-element_type=\"container\" data-e-type=\"container\">\n\t\t<div class=\"elementor-element elementor-element-8e481b9 e-con-full e-flex e-con e-child\" data-id=\"8e481b9\" data-element_type=\"container\" data-e-type=\"container\">\n\t\t\t\t<div class=\"elementor-element elementor-element-9aa646d elementor-widget elementor-widget-heading\" data-id=\"9aa646d\" data-element_type=\"widget\" data-e-type=\"widget\" data-widget_type=\"heading.default\">\n\t\t\t\t\t<h3 class=\"elementor-heading-title elementor-size-default\">A) Awareness raising<\/h3>\t\t\t\t<\/div>\n\t\t\t\t<div class=\"elementor-element elementor-element-3c82e66 elementor-widget elementor-widget-text-editor\" data-id=\"3c82e66\" data-element_type=\"widget\" data-e-type=\"widget\" data-widget_type=\"text-editor.default\">\n\t\t\t\t\t\t\t\t\t<p>We raise awareness and train all our employees in\u00a0<strong>environmental responsibility<\/strong>(plus de 40% d\u00e9j\u00e0 sensibilis\u00e9s).<\/p><p>30% of employees have been made aware of climate change through\u00a0<strong>la Fresque du Climat et du Num\u00e9rique<\/strong>.<\/p><p>An ambitious training program in <strong>ecoconception<\/strong>\u00a0of our employees has been deployed to the entire workforce of the JEMS group.<br \/>We have trained our employees in\u00a0<strong>digital accessibility<\/strong>\u00a0with our partner\u00a0<strong><a href=\"https:\/\/dev.jems-group.com\/actualites\/jems-sinvestit-pour-rendre-le-web-meilleur-avec-la-certification-opquast\/\" target=\"_blank\" rel=\"noopener\">OPQUAST<\/a><\/strong>. These individuals work across the entire digital product value chain: Marketing, UX\/UI Design, Development, and Quality Validation. OPQUAST is a repository of best practices for web quality that includes RGAA, GDPR, and eco-responsibility.<\/p>\t\t\t\t\t\t\t\t<\/div>\n\t\t\t\t<\/div>\n\t\t<div class=\"elementor-element elementor-element-4cbb65d e-con-full e-flex e-con e-child\" data-id=\"4cbb65d\" data-element_type=\"container\" data-e-type=\"container\">\n\t\t\t\t<div class=\"elementor-element elementor-element-2ee47eb elementor-widget elementor-widget-image\" data-id=\"2ee47eb\" data-element_type=\"widget\" data-e-type=\"widget\" data-widget_type=\"image.default\">\n\t\t\t\t\t\t\t\t\t\t\t\t\t\t\t<img decoding=\"async\" width=\"636\" height=\"420\" src=\"https:\/\/www.jems-group.com\/wp-content\/uploads\/2026\/03\/rse-sensibilisation-jems.webp\" class=\"attachment-large size-large wp-image-12689\" alt=\"CSR Awareness\" srcset=\"https:\/\/www.jems-group.com\/wp-content\/uploads\/2026\/03\/rse-sensibilisation-jems.webp 636w, https:\/\/www.jems-group.com\/wp-content\/uploads\/2026\/03\/rse-sensibilisation-jems-300x198.webp 300w, https:\/\/www.jems-group.com\/wp-content\/uploads\/2026\/03\/rse-sensibilisation-jems-18x12.jpg 18w\" sizes=\"(max-width: 636px) 100vw, 636px\" \/>\t\t\t\t\t\t\t\t\t\t\t\t\t\t\t<\/div>\n\t\t\t\t<\/div>\n\t\t\t\t<\/div>\n\t\t<div class=\"elementor-element elementor-element-a0dfc37 e-con-full e-flex e-con e-child\" data-id=\"a0dfc37\" data-element_type=\"container\" data-e-type=\"container\">\n\t\t<div class=\"elementor-element elementor-element-09a3213 e-con-full e-flex e-con e-child\" data-id=\"09a3213\" data-element_type=\"container\" data-e-type=\"container\">\n\t\t\t\t<div class=\"elementor-element elementor-element-06eda8b elementor-widget elementor-widget-image\" data-id=\"06eda8b\" data-element_type=\"widget\" data-e-type=\"widget\" data-widget_type=\"image.default\">\n\t\t\t\t\t\t\t\t\t\t\t\t\t\t\t<img decoding=\"async\" width=\"636\" height=\"420\" src=\"https:\/\/www.jems-group.com\/wp-content\/uploads\/2026\/03\/numerique-responsable.webp\" class=\"attachment-large size-large wp-image-12688\" alt=\"Responsible Digital\" srcset=\"https:\/\/www.jems-group.com\/wp-content\/uploads\/2026\/03\/numerique-responsable.webp 636w, https:\/\/www.jems-group.com\/wp-content\/uploads\/2026\/03\/numerique-responsable-300x198.webp 300w, https:\/\/www.jems-group.com\/wp-content\/uploads\/2026\/03\/numerique-responsable-18x12.jpg 18w\" sizes=\"(max-width: 636px) 100vw, 636px\" \/>\t\t\t\t\t\t\t\t\t\t\t\t\t\t\t<\/div>\n\t\t\t\t<\/div>\n\t\t<div class=\"elementor-element elementor-element-13d125a e-con-full e-flex e-con e-child\" data-id=\"13d125a\" data-element_type=\"container\" data-e-type=\"container\">\n\t\t\t\t<div class=\"elementor-element elementor-element-6f56a4a elementor-widget elementor-widget-heading\" data-id=\"6f56a4a\" data-element_type=\"widget\" data-e-type=\"widget\" data-widget_type=\"heading.default\">\n\t\t\t\t\t<h3 class=\"elementor-heading-title elementor-size-default\">B) Responsible digital technology<\/h3>\t\t\t\t<\/div>\n\t\t\t\t<div class=\"elementor-element elementor-element-79025f8 elementor-widget elementor-widget-text-editor\" data-id=\"79025f8\" data-element_type=\"widget\" data-e-type=\"widget\" data-widget_type=\"text-editor.default\">\n\t\t\t\t\t\t\t\t\t<p>Over the years, we have also developed a\u00a0<strong>methodology for modeling and organizing data<\/strong>\u00a0to set up reusable data assets, which allows for maximum factorization of processing and thus limits their carbon footprint.<br \/><br \/>We are working on assessing the climate impact of our projects.<\/p>\t\t\t\t\t\t\t\t<\/div>\n\t\t\t\t<\/div>\n\t\t\t\t<\/div>\n\t\t<div class=\"elementor-element elementor-element-9e330ad e-con-full e-flex e-con e-child\" data-id=\"9e330ad\" data-element_type=\"container\" data-e-type=\"container\">\n\t\t\t\t<div class=\"elementor-element elementor-element-652f350 elementor-widget elementor-widget-heading\" data-id=\"652f350\" data-element_type=\"widget\" data-e-type=\"widget\" data-widget_type=\"heading.default\">\n\t\t\t\t\t<h2 class=\"elementor-heading-title elementor-size-default\">II. Resources &amp; Circularity\n<\/h2>\t\t\t\t<\/div>\n\t\t\t\t<div class=\"elementor-element elementor-element-4cf0289 elementor-widget__width-initial elementor-widget elementor-widget-text-editor\" data-id=\"4cf0289\" data-element_type=\"widget\" data-e-type=\"widget\" data-widget_type=\"text-editor.default\">\n\t\t\t\t\t\t\t\t\t<div class=\"content-intro text-center\"><div class=\"content-after-intro max-1100\"><p>We favor\u00a0<strong><a href=\"https:\/\/dev.jems-group.com\/actualites\/durabilite-en-it-interview-de-stephane-directeur-du-si\/\" target=\"_blank\" rel=\"noopener\">the purchase of refurbished electronics<\/a><\/strong>\u00a0<strong>over 90%<\/strong>\u00a0and we are committed to extending the lifespan of our equipment to more than four years.<\/p><p>This\u00a0<strong>revaluation<\/strong>\u00a0as well\u00a0<strong>more than 50% of our electronic waste<\/strong>\u00a0by donating them to charities or recycling them.<\/p><p>We print all our documents on recycled paper.<\/p><p>All administrative processes (pay slips, orders, purchases, invoices, faxes, signed contracts, etc.) are\u00a0<strong>dematerialized<\/strong>.<\/p><p>With a footprint of 1.83 tCO2e per employee in 2023 (compared to 2.1 tCO2e per employee in 2022), our goal of\u00a0<strong>reduction in our GHG emissions is 50% by 2030<\/strong>.<\/p><p>We distribute mugs to all employees so that we no longer need to buy disposable cups, which means\u00a0<strong>more than 400 kg of waste avoided annually since 2019<\/strong>.<\/p><\/div><\/div>\t\t\t\t\t\t\t\t<\/div>\n\t\t\t\t<\/div>\n\t\t\t\t\t<\/div>\n\t\t\t\t<\/div>\n\t\t\t\t<\/div>","protected":false},"excerpt":{"rendered":"<p>Pilier environnemental Le num\u00e9rique repr\u00e9sente une part importante des \u00e9missions de CO2 mondiales (4%), et en constante augmentation, surtout depuis l\u2019arriv\u00e9e de l\u2019IA. Chez JEMS, nous nous engageons\u00a0\u00e0 r\u00e9duire de 50% nos \u00e9missions directes et indirectes d\u2019ici 2030\u00a0\u00e0 travers un plan de\u00a0d\u00e9carbonation volontariste\u00a0conforme \u00e0 la\u00a0trajectoire SBTI. Nos produits, prestations et services int\u00e8grent une m\u00e9thodologie unique [&hellip;]<\/p>\n","protected":false},"author":4,"featured_media":0,"parent":12002,"menu_order":0,"comment_status":"closed","ping_status":"closed","template":"","meta":{"content-type":"","footnotes":""},"class_list":["post-12080","page","type-page","status-publish","hentry"],"yoast_head":"<!-- This site is optimized with the Yoast SEO plugin v27.5 - https:\/\/yoast.com\/product\/yoast-seo-wordpress\/ -->\n<title>Pilier environnemental - JEMS<\/title>\n<meta name=\"description\" content=\"JEMS s&#039;engage \u00e0 r\u00e9duire ses \u00e9missions. D\u00e9couvrez notre plan de d\u00e9carbonation volontariste et nos services d&#039;\u00e9co-conception num\u00e9rique.\" \/>\n<meta name=\"robots\" content=\"index, follow, max-snippet:-1, max-image-preview:large, max-video-preview:-1\" \/>\n<link rel=\"canonical\" href=\"https:\/\/dev.jems-group.com\/rse\/pilier-environnemental\/\" \/>\n<meta property=\"og:locale\" content=\"en_GB\" \/>\n<meta property=\"og:type\" content=\"article\" \/>\n<meta property=\"og:title\" content=\"Pilier environnemental - JEMS\" \/>\n<meta property=\"og:description\" content=\"JEMS s&#039;engage \u00e0 r\u00e9duire ses \u00e9missions. D\u00e9couvrez notre plan de d\u00e9carbonation volontariste et nos services d&#039;\u00e9co-conception num\u00e9rique.\" \/>\n<meta property=\"og:url\" content=\"https:\/\/dev.jems-group.com\/rse\/pilier-environnemental\/\" \/>\n<meta property=\"og:site_name\" content=\"JEMS\" \/>\n<meta property=\"article:modified_time\" content=\"2026-04-22T08:55:11+00:00\" \/>\n<meta property=\"og:image\" content=\"https:\/\/www.jems-group.com\/wp-content\/uploads\/2026\/03\/label-ecovadis-gold-jems.webp\" \/>\n\t<meta property=\"og:image:width\" content=\"636\" \/>\n\t<meta property=\"og:image:height\" content=\"420\" \/>\n\t<meta property=\"og:image:type\" content=\"image\/webp\" \/>\n<meta name=\"twitter:card\" content=\"summary_large_image\" \/>\n<meta name=\"twitter:label1\" content=\"Estimated reading time\" \/>\n\t<meta name=\"twitter:data1\" content=\"3 minutes\" \/>\n<script type=\"application\/ld+json\" class=\"yoast-schema-graph\">{\"@context\":\"https:\\\/\\\/schema.org\",\"@graph\":[{\"@type\":\"WebPage\",\"@id\":\"https:\\\/\\\/dev.jems-group.com\\\/rse\\\/pilier-environnemental\\\/\",\"url\":\"https:\\\/\\\/dev.jems-group.com\\\/rse\\\/pilier-environnemental\\\/\",\"name\":\"Pilier environnemental - JEMS\",\"isPartOf\":{\"@id\":\"https:\\\/\\\/www.jems-group.com\\\/#website\"},\"primaryImageOfPage\":{\"@id\":\"https:\\\/\\\/dev.jems-group.com\\\/rse\\\/pilier-environnemental\\\/#primaryimage\"},\"image\":{\"@id\":\"https:\\\/\\\/dev.jems-group.com\\\/rse\\\/pilier-environnemental\\\/#primaryimage\"},\"thumbnailUrl\":\"https:\\\/\\\/dev.jems-group.com\\\/wp-content\\\/uploads\\\/2026\\\/03\\\/label-ecovadis-gold-jems.webp\",\"datePublished\":\"2026-03-06T10:57:52+00:00\",\"dateModified\":\"2026-04-22T08:55:11+00:00\",\"description\":\"JEMS s'engage \u00e0 r\u00e9duire ses \u00e9missions. D\u00e9couvrez notre plan de d\u00e9carbonation volontariste et nos services d'\u00e9co-conception num\u00e9rique.\",\"breadcrumb\":{\"@id\":\"https:\\\/\\\/dev.jems-group.com\\\/rse\\\/pilier-environnemental\\\/#breadcrumb\"},\"inLanguage\":\"en-GB\",\"potentialAction\":[{\"@type\":\"ReadAction\",\"target\":[\"https:\\\/\\\/dev.jems-group.com\\\/rse\\\/pilier-environnemental\\\/\"]}]},{\"@type\":\"ImageObject\",\"inLanguage\":\"en-GB\",\"@id\":\"https:\\\/\\\/dev.jems-group.com\\\/rse\\\/pilier-environnemental\\\/#primaryimage\",\"url\":\"https:\\\/\\\/dev.jems-group.com\\\/wp-content\\\/uploads\\\/2026\\\/03\\\/label-ecovadis-gold-jems.webp\",\"contentUrl\":\"https:\\\/\\\/dev.jems-group.com\\\/wp-content\\\/uploads\\\/2026\\\/03\\\/label-ecovadis-gold-jems.webp\"},{\"@type\":\"BreadcrumbList\",\"@id\":\"https:\\\/\\\/dev.jems-group.com\\\/rse\\\/pilier-environnemental\\\/#breadcrumb\",\"itemListElement\":[{\"@type\":\"ListItem\",\"position\":1,\"name\":\"Accueil\",\"item\":\"https:\\\/\\\/dev.jems-group.com\\\/\"},{\"@type\":\"ListItem\",\"position\":2,\"name\":\"RSE &amp; Num\u00e9rique Responsable\",\"item\":\"https:\\\/\\\/dev.jems-group.com\\\/rse\\\/\"},{\"@type\":\"ListItem\",\"position\":3,\"name\":\"Pilier environnemental\"}]},{\"@type\":\"WebSite\",\"@id\":\"https:\\\/\\\/www.jems-group.com\\\/#website\",\"url\":\"https:\\\/\\\/www.jems-group.com\\\/\",\"name\":\"JEMS\",\"description\":\"The Data-AI orchestration company for profitable industry\",\"publisher\":{\"@id\":\"https:\\\/\\\/www.jems-group.com\\\/#organization\"},\"potentialAction\":[{\"@type\":\"SearchAction\",\"target\":{\"@type\":\"EntryPoint\",\"urlTemplate\":\"https:\\\/\\\/www.jems-group.com\\\/?s={search_term_string}\"},\"query-input\":{\"@type\":\"PropertyValueSpecification\",\"valueRequired\":true,\"valueName\":\"search_term_string\"}}],\"inLanguage\":\"en-GB\"},{\"@type\":\"Organization\",\"@id\":\"https:\\\/\\\/www.jems-group.com\\\/#organization\",\"name\":\"JEMS\",\"url\":\"https:\\\/\\\/www.jems-group.com\\\/\",\"logo\":{\"@type\":\"ImageObject\",\"inLanguage\":\"en-GB\",\"@id\":\"https:\\\/\\\/www.jems-group.com\\\/#\\\/schema\\\/logo\\\/image\\\/\",\"url\":\"https:\\\/\\\/www.jems-group.com\\\/wp-content\\\/uploads\\\/2025\\\/12\\\/Jems-logo-couleur.webp\",\"contentUrl\":\"https:\\\/\\\/www.jems-group.com\\\/wp-content\\\/uploads\\\/2025\\\/12\\\/Jems-logo-couleur.webp\",\"width\":1600,\"height\":944,\"caption\":\"JEMS\"},\"image\":{\"@id\":\"https:\\\/\\\/www.jems-group.com\\\/#\\\/schema\\\/logo\\\/image\\\/\"},\"sameAs\":[\"https:\\\/\\\/www.linkedin.com\\\/company\\\/jems-group\\\/\",\"https:\\\/\\\/www.youtube.com\\\/@jems-group\"]}]}<\/script>\n<!-- \/ Yoast SEO plugin. -->","yoast_head_json":{"title":"Environmental Pillar - JEMS","description":"JEMS is committed to reducing its emissions. Discover our ambitious decarbonisation plan and our digital eco-design services.","robots":{"index":"index","follow":"follow","max-snippet":"max-snippet:-1","max-image-preview":"max-image-preview:large","max-video-preview":"max-video-preview:-1"},"canonical":"https:\/\/dev.jems-group.com\/rse\/pilier-environnemental\/","og_locale":"en_GB","og_type":"article","og_title":"Pilier environnemental - JEMS","og_description":"JEMS s'engage \u00e0 r\u00e9duire ses \u00e9missions. D\u00e9couvrez notre plan de d\u00e9carbonation volontariste et nos services d'\u00e9co-conception num\u00e9rique.","og_url":"https:\/\/dev.jems-group.com\/rse\/pilier-environnemental\/","og_site_name":"JEMS","article_modified_time":"2026-04-22T08:55:11+00:00","og_image":[{"width":636,"height":420,"url":"https:\/\/www.jems-group.com\/wp-content\/uploads\/2026\/03\/label-ecovadis-gold-jems.webp","type":"image\/webp"}],"twitter_card":"summary_large_image","twitter_misc":{"Estimated reading time":"3 minutes"},"schema":{"@context":"https:\/\/schema.org","@graph":[{"@type":"WebPage","@id":"https:\/\/dev.jems-group.com\/rse\/pilier-environnemental\/","url":"https:\/\/dev.jems-group.com\/rse\/pilier-environnemental\/","name":"Environmental Pillar - JEMS","isPartOf":{"@id":"https:\/\/www.jems-group.com\/#website"},"primaryImageOfPage":{"@id":"https:\/\/dev.jems-group.com\/rse\/pilier-environnemental\/#primaryimage"},"image":{"@id":"https:\/\/dev.jems-group.com\/rse\/pilier-environnemental\/#primaryimage"},"thumbnailUrl":"https:\/\/dev.jems-group.com\/wp-content\/uploads\/2026\/03\/label-ecovadis-gold-jems.webp","datePublished":"2026-03-06T10:57:52+00:00","dateModified":"2026-04-22T08:55:11+00:00","description":"JEMS is committed to reducing its emissions. Discover our ambitious decarbonisation plan and our digital eco-design services.","breadcrumb":{"@id":"https:\/\/dev.jems-group.com\/rse\/pilier-environnemental\/#breadcrumb"},"inLanguage":"en-GB","potentialAction":[{"@type":"ReadAction","target":["https:\/\/dev.jems-group.com\/rse\/pilier-environnemental\/"]}]},{"@type":"ImageObject","inLanguage":"en-GB","@id":"https:\/\/dev.jems-group.com\/rse\/pilier-environnemental\/#primaryimage","url":"https:\/\/dev.jems-group.com\/wp-content\/uploads\/2026\/03\/label-ecovadis-gold-jems.webp","contentUrl":"https:\/\/dev.jems-group.com\/wp-content\/uploads\/2026\/03\/label-ecovadis-gold-jems.webp"},{"@type":"BreadcrumbList","@id":"https:\/\/dev.jems-group.com\/rse\/pilier-environnemental\/#breadcrumb","itemListElement":[{"@type":"ListItem","position":1,"name":"Accueil","item":"https:\/\/dev.jems-group.com\/"},{"@type":"ListItem","position":2,"name":"RSE &amp; Num\u00e9rique Responsable","item":"https:\/\/dev.jems-group.com\/rse\/"},{"@type":"ListItem","position":3,"name":"Pilier environnemental"}]},{"@type":"WebSite","@id":"https:\/\/www.jems-group.com\/#website","url":"https:\/\/www.jems-group.com\/","name":"JEMS","description":"The Data-AI orchestration company for profitable industry","publisher":{"@id":"https:\/\/www.jems-group.com\/#organization"},"potentialAction":[{"@type":"SearchAction","target":{"@type":"EntryPoint","urlTemplate":"https:\/\/www.jems-group.com\/?s={search_term_string}"},"query-input":{"@type":"PropertyValueSpecification","valueRequired":true,"valueName":"search_term_string"}}],"inLanguage":"en-GB"},{"@type":"Organization","@id":"https:\/\/www.jems-group.com\/#organization","name":"JEMS","url":"https:\/\/www.jems-group.com\/","logo":{"@type":"ImageObject","inLanguage":"en-GB","@id":"https:\/\/www.jems-group.com\/#\/schema\/logo\/image\/","url":"https:\/\/www.jems-group.com\/wp-content\/uploads\/2025\/12\/Jems-logo-couleur.webp","contentUrl":"https:\/\/www.jems-group.com\/wp-content\/uploads\/2025\/12\/Jems-logo-couleur.webp","width":1600,"height":944,"caption":"JEMS"},"image":{"@id":"https:\/\/www.jems-group.com\/#\/schema\/logo\/image\/"},"sameAs":["https:\/\/www.linkedin.com\/company\/jems-group\/","https:\/\/www.youtube.com\/@jems-group"]}]}},"_links":{"self":[{"href":"https:\/\/www.jems-group.com\/en\/wp-json\/wp\/v2\/pages\/12080","targetHints":{"allow":["GET"]}}],"collection":[{"href":"https:\/\/www.jems-group.com\/en\/wp-json\/wp\/v2\/pages"}],"about":[{"href":"https:\/\/www.jems-group.com\/en\/wp-json\/wp\/v2\/types\/page"}],"author":[{"embeddable":true,"href":"https:\/\/www.jems-group.com\/en\/wp-json\/wp\/v2\/users\/4"}],"replies":[{"embeddable":true,"href":"https:\/\/www.jems-group.com\/en\/wp-json\/wp\/v2\/comments?post=12080"}],"version-history":[{"count":0,"href":"https:\/\/www.jems-group.com\/en\/wp-json\/wp\/v2\/pages\/12080\/revisions"}],"up":[{"embeddable":true,"href":"https:\/\/www.jems-group.com\/en\/wp-json\/wp\/v2\/pages\/12002"}],"wp:attachment":[{"href":"https:\/\/www.jems-group.com\/en\/wp-json\/wp\/v2\/media?parent=12080"}],"curies":[{"name":"wp","href":"https:\/\/api.w.org\/{rel}","templated":true}]}}