{"id":15776,"date":"2026-04-02T10:59:08","date_gmt":"2026-04-02T08:59:08","guid":{"rendered":"https:\/\/dev.jems-group.com\/accessibility-statement\/"},"modified":"2026-04-23T11:55:23","modified_gmt":"2026-04-23T09:55:23","slug":"accessibility-statement","status":"publish","type":"page","link":"https:\/\/www.jems-group.com\/en\/declaration-daccessibilite\/","title":{"rendered":"Accessibility Statement"},"content":{"rendered":"<div data-elementor-type=\"wp-page\" data-elementor-id=\"15776\" class=\"elementor elementor-15776\" data-elementor-post-type=\"page\">\n\t\t\t\t<div class=\"elementor-element elementor-element-cf9787 e-flex e-con-boxed e-con e-parent\" data-id=\"cf9787\" data-element_type=\"container\" data-e-type=\"container\">\n\t\t\t\t\t<div class=\"e-con-inner\">\n\t\t\t\t<div class=\"elementor-element elementor-element-2e272496 elementor-widget elementor-widget-text-editor\" data-id=\"2e272496\" data-element_type=\"widget\" data-e-type=\"widget\" data-widget_type=\"text-editor.default\">\n\t\t\t\t\t\t\t\t\t<h1 style=\"text-align: center;\">Accessibility Statement<\/h1><p><br \/>JEMS is committed to ensuring digital accessibility for people with disabilities. We are continually improving the user experience for everyone and applying the relevant accessibility standards.<\/p><h2><br \/>Conformance status<\/h2><p>The Web Content Accessibility Guidelines (WCAG) set out requirements for designers and developers to improve accessibility for people with disabilities. It defines three levels of conformance: Level A, Level AA, and Level AAA.<\/p><p>JEMS is constantly striving to improve the accessibility of its website and services, believing that it is our collective moral obligation to ensure seamless, accessible and unhindered use for those of us with disabilities.<\/p><p>We aim to make all pages and content on https:\/\/jems-group.com accessible, but some content may not yet fully meet the highest accessibility standards. This could be due to challenges in identifying the most suitable technological solution.<\/p><p>We may revise this Statement periodically to reflect improvements or changes to our accessibility practices.<\/p><p><br \/>We welcome your feedback on the accessibility of the JEMS website. Please let us know if you encounter accessibility barriers on our website:<\/p><p>E-mail : contact @ jems-group.com<\/p><p>We aim to respond to feedback within 3\u20135 working days.<\/p><p>This statement was created on 02\/04\/2026.<\/p>\t\t\t\t\t\t\t\t<\/div>\n\t\t\t\t\t<\/div>\n\t\t\t\t<\/div>\n\t\t\t\t<\/div>","protected":false},"excerpt":{"rendered":"<p>D\u00e9claration d&rsquo;accessibilit\u00e9 JEMS s&rsquo;engage \u00e0 garantir l&rsquo;accessibilit\u00e9 num\u00e9rique aux personnes en situation de handicap. Nous am\u00e9liorons en permanence l&rsquo;exp\u00e9rience utilisateur pour tous et appliquons les normes d&rsquo;accessibilit\u00e9 pertinentes. Statut de conformit\u00e9 Les Directives pour l&rsquo;accessibilit\u00e9 des contenus Web (WCAG) d\u00e9finissent les exigences auxquelles doivent se conformer les concepteurs et les d\u00e9veloppeurs afin d&rsquo;am\u00e9liorer l&rsquo;accessibilit\u00e9 pour [&hellip;]<\/p>\n","protected":false},"author":4,"featured_media":0,"parent":0,"menu_order":0,"comment_status":"closed","ping_status":"closed","template":"","meta":{"content-type":"","footnotes":""},"class_list":["post-15776","page","type-page","status-publish","hentry"],"yoast_head":"<!-- This site is optimized with the Yoast SEO plugin v27.5 - https:\/\/yoast.com\/product\/yoast-seo-wordpress\/ -->\n<title>D\u00e9claration d&#039;accessibilit\u00e9 - JEMS<\/title>\n<meta name=\"description\" content=\"JEMS s&#039;engage \u00e0 garantir l&#039;accessibilit\u00e9 num\u00e9rique. Nous am\u00e9liorons en permanence l&#039;exp\u00e9rience utilisateur les normes d&#039;accessibilit\u00e9.\" \/>\n<meta name=\"robots\" content=\"index, follow, max-snippet:-1, max-image-preview:large, max-video-preview:-1\" \/>\n<link rel=\"canonical\" href=\"https:\/\/dev.jems-group.com\/declaration-daccessibilite\/\" \/>\n<meta property=\"og:locale\" content=\"en_GB\" \/>\n<meta property=\"og:type\" content=\"article\" \/>\n<meta property=\"og:title\" content=\"D\u00e9claration d&#039;accessibilit\u00e9 - JEMS\" \/>\n<meta property=\"og:description\" content=\"JEMS s&#039;engage \u00e0 garantir l&#039;accessibilit\u00e9 num\u00e9rique. Nous am\u00e9liorons en permanence l&#039;exp\u00e9rience utilisateur les normes d&#039;accessibilit\u00e9.\" \/>\n<meta property=\"og:url\" content=\"https:\/\/dev.jems-group.com\/declaration-daccessibilite\/\" \/>\n<meta property=\"og:site_name\" content=\"JEMS\" \/>\n<meta property=\"article:modified_time\" content=\"2026-04-23T09:55:23+00:00\" \/>\n<meta name=\"twitter:card\" content=\"summary_large_image\" \/>\n<meta name=\"twitter:label1\" content=\"Estimated reading time\" \/>\n\t<meta name=\"twitter:data1\" content=\"2 minutes\" \/>\n<script type=\"application\/ld+json\" class=\"yoast-schema-graph\">{\"@context\":\"https:\\\/\\\/schema.org\",\"@graph\":[{\"@type\":\"WebPage\",\"@id\":\"https:\\\/\\\/dev.jems-group.com\\\/declaration-daccessibilite\\\/\",\"url\":\"https:\\\/\\\/dev.jems-group.com\\\/declaration-daccessibilite\\\/\",\"name\":\"D\u00e9claration d'accessibilit\u00e9 - JEMS\",\"isPartOf\":{\"@id\":\"https:\\\/\\\/www.jems-group.com\\\/#website\"},\"datePublished\":\"2026-04-02T08:59:08+00:00\",\"dateModified\":\"2026-04-23T09:55:23+00:00\",\"description\":\"JEMS s'engage \u00e0 garantir l'accessibilit\u00e9 num\u00e9rique. Nous am\u00e9liorons en permanence l'exp\u00e9rience utilisateur les normes d'accessibilit\u00e9.\",\"breadcrumb\":{\"@id\":\"https:\\\/\\\/dev.jems-group.com\\\/declaration-daccessibilite\\\/#breadcrumb\"},\"inLanguage\":\"en-GB\",\"potentialAction\":[{\"@type\":\"ReadAction\",\"target\":[\"https:\\\/\\\/dev.jems-group.com\\\/declaration-daccessibilite\\\/\"]}]},{\"@type\":\"BreadcrumbList\",\"@id\":\"https:\\\/\\\/dev.jems-group.com\\\/declaration-daccessibilite\\\/#breadcrumb\",\"itemListElement\":[{\"@type\":\"ListItem\",\"position\":1,\"name\":\"Accueil\",\"item\":\"https:\\\/\\\/dev.jems-group.com\\\/\"},{\"@type\":\"ListItem\",\"position\":2,\"name\":\"D\u00e9claration d&rsquo;accessibilit\u00e9\"}]},{\"@type\":\"WebSite\",\"@id\":\"https:\\\/\\\/www.jems-group.com\\\/#website\",\"url\":\"https:\\\/\\\/www.jems-group.com\\\/\",\"name\":\"JEMS\",\"description\":\"The Data-AI orchestration company for profitable industry\",\"publisher\":{\"@id\":\"https:\\\/\\\/www.jems-group.com\\\/#organization\"},\"potentialAction\":[{\"@type\":\"SearchAction\",\"target\":{\"@type\":\"EntryPoint\",\"urlTemplate\":\"https:\\\/\\\/www.jems-group.com\\\/?s={search_term_string}\"},\"query-input\":{\"@type\":\"PropertyValueSpecification\",\"valueRequired\":true,\"valueName\":\"search_term_string\"}}],\"inLanguage\":\"en-GB\"},{\"@type\":\"Organization\",\"@id\":\"https:\\\/\\\/www.jems-group.com\\\/#organization\",\"name\":\"JEMS\",\"url\":\"https:\\\/\\\/www.jems-group.com\\\/\",\"logo\":{\"@type\":\"ImageObject\",\"inLanguage\":\"en-GB\",\"@id\":\"https:\\\/\\\/www.jems-group.com\\\/#\\\/schema\\\/logo\\\/image\\\/\",\"url\":\"https:\\\/\\\/www.jems-group.com\\\/wp-content\\\/uploads\\\/2025\\\/12\\\/Jems-logo-couleur.webp\",\"contentUrl\":\"https:\\\/\\\/www.jems-group.com\\\/wp-content\\\/uploads\\\/2025\\\/12\\\/Jems-logo-couleur.webp\",\"width\":1600,\"height\":944,\"caption\":\"JEMS\"},\"image\":{\"@id\":\"https:\\\/\\\/www.jems-group.com\\\/#\\\/schema\\\/logo\\\/image\\\/\"},\"sameAs\":[\"https:\\\/\\\/www.linkedin.com\\\/company\\\/jems-group\\\/\",\"https:\\\/\\\/www.youtube.com\\\/@jems-group\"]}]}<\/script>\n<!-- \/ Yoast SEO plugin. -->","yoast_head_json":{"title":"Accessibility Statement - JEMS","description":"JEMS is committed to ensuring digital accessibility. We are continuously improving the user experience and accessibility standards.","robots":{"index":"index","follow":"follow","max-snippet":"max-snippet:-1","max-image-preview":"max-image-preview:large","max-video-preview":"max-video-preview:-1"},"canonical":"https:\/\/dev.jems-group.com\/declaration-daccessibilite\/","og_locale":"en_GB","og_type":"article","og_title":"D\u00e9claration d'accessibilit\u00e9 - JEMS","og_description":"JEMS s'engage \u00e0 garantir l'accessibilit\u00e9 num\u00e9rique. Nous am\u00e9liorons en permanence l'exp\u00e9rience utilisateur les normes d'accessibilit\u00e9.","og_url":"https:\/\/dev.jems-group.com\/declaration-daccessibilite\/","og_site_name":"JEMS","article_modified_time":"2026-04-23T09:55:23+00:00","twitter_card":"summary_large_image","twitter_misc":{"Estimated reading time":"2 minutes"},"schema":{"@context":"https:\/\/schema.org","@graph":[{"@type":"WebPage","@id":"https:\/\/dev.jems-group.com\/declaration-daccessibilite\/","url":"https:\/\/dev.jems-group.com\/declaration-daccessibilite\/","name":"Accessibility Statement - JEMS","isPartOf":{"@id":"https:\/\/www.jems-group.com\/#website"},"datePublished":"2026-04-02T08:59:08+00:00","dateModified":"2026-04-23T09:55:23+00:00","description":"JEMS is committed to ensuring digital accessibility. We are continuously improving the user experience and accessibility standards.","breadcrumb":{"@id":"https:\/\/dev.jems-group.com\/declaration-daccessibilite\/#breadcrumb"},"inLanguage":"en-GB","potentialAction":[{"@type":"ReadAction","target":["https:\/\/dev.jems-group.com\/declaration-daccessibilite\/"]}]},{"@type":"BreadcrumbList","@id":"https:\/\/dev.jems-group.com\/declaration-daccessibilite\/#breadcrumb","itemListElement":[{"@type":"ListItem","position":1,"name":"Accueil","item":"https:\/\/dev.jems-group.com\/"},{"@type":"ListItem","position":2,"name":"D\u00e9claration d&rsquo;accessibilit\u00e9"}]},{"@type":"WebSite","@id":"https:\/\/www.jems-group.com\/#website","url":"https:\/\/www.jems-group.com\/","name":"JEMS","description":"The Data-AI orchestration company for profitable industry","publisher":{"@id":"https:\/\/www.jems-group.com\/#organization"},"potentialAction":[{"@type":"SearchAction","target":{"@type":"EntryPoint","urlTemplate":"https:\/\/www.jems-group.com\/?s={search_term_string}"},"query-input":{"@type":"PropertyValueSpecification","valueRequired":true,"valueName":"search_term_string"}}],"inLanguage":"en-GB"},{"@type":"Organization","@id":"https:\/\/www.jems-group.com\/#organization","name":"JEMS","url":"https:\/\/www.jems-group.com\/","logo":{"@type":"ImageObject","inLanguage":"en-GB","@id":"https:\/\/www.jems-group.com\/#\/schema\/logo\/image\/","url":"https:\/\/www.jems-group.com\/wp-content\/uploads\/2025\/12\/Jems-logo-couleur.webp","contentUrl":"https:\/\/www.jems-group.com\/wp-content\/uploads\/2025\/12\/Jems-logo-couleur.webp","width":1600,"height":944,"caption":"JEMS"},"image":{"@id":"https:\/\/www.jems-group.com\/#\/schema\/logo\/image\/"},"sameAs":["https:\/\/www.linkedin.com\/company\/jems-group\/","https:\/\/www.youtube.com\/@jems-group"]}]}},"_links":{"self":[{"href":"https:\/\/www.jems-group.com\/en\/wp-json\/wp\/v2\/pages\/15776","targetHints":{"allow":["GET"]}}],"collection":[{"href":"https:\/\/www.jems-group.com\/en\/wp-json\/wp\/v2\/pages"}],"about":[{"href":"https:\/\/www.jems-group.com\/en\/wp-json\/wp\/v2\/types\/page"}],"author":[{"embeddable":true,"href":"https:\/\/www.jems-group.com\/en\/wp-json\/wp\/v2\/users\/4"}],"replies":[{"embeddable":true,"href":"https:\/\/www.jems-group.com\/en\/wp-json\/wp\/v2\/comments?post=15776"}],"version-history":[{"count":0,"href":"https:\/\/www.jems-group.com\/en\/wp-json\/wp\/v2\/pages\/15776\/revisions"}],"wp:attachment":[{"href":"https:\/\/www.jems-group.com\/en\/wp-json\/wp\/v2\/media?parent=15776"}],"curies":[{"name":"wp","href":"https:\/\/api.w.org\/{rel}","templated":true}]}}