{"id":456,"date":"2026-02-27T10:12:34","date_gmt":"2026-02-27T09:12:34","guid":{"rendered":"https:\/\/dev.jems-group.com\/?page_id=456"},"modified":"2026-04-23T15:35:35","modified_gmt":"2026-04-23T13:35:35","slug":"contact","status":"publish","type":"page","link":"https:\/\/www.jems-group.com\/en\/contact\/","title":{"rendered":"Contact"},"content":{"rendered":"<div data-elementor-type=\"wp-page\" data-elementor-id=\"456\" class=\"elementor elementor-456\" data-elementor-post-type=\"page\">\n\t\t\t\t<div class=\"elementor-element elementor-element-e23bc18 e-flex e-con-boxed e-con e-parent\" data-id=\"e23bc18\" data-element_type=\"container\" data-e-type=\"container\" data-settings=\"{&quot;background_background&quot;:&quot;classic&quot;}\">\n\t\t\t\t\t<div class=\"e-con-inner\">\n\t\t<div class=\"elementor-element elementor-element-6f6feaa e-con-full e-flex e-con e-child\" data-id=\"6f6feaa\" data-element_type=\"container\" data-e-type=\"container\">\n\t\t<div class=\"elementor-element elementor-element-4c5a428 e-con-full e-flex e-con e-child\" data-id=\"4c5a428\" data-element_type=\"container\" data-e-type=\"container\">\n\t\t\t\t<div class=\"elementor-element elementor-element-8e0e9dd elementor-widget elementor-widget-heading\" data-id=\"8e0e9dd\" data-element_type=\"widget\" data-e-type=\"widget\" data-widget_type=\"heading.default\">\n\t\t\t\t\t<h1 class=\"elementor-heading-title elementor-size-default\">Ready to turn your <span class=\"mon-degrade\">business challenges<\/span>                                                                                     into <span class=\"mon-degrade\">advantages <\/span>competitive?<\/h1>\t\t\t\t<\/div>\n\t\t\t\t<div class=\"elementor-element elementor-element-a9eee96 elementor-widget elementor-widget-text-editor\" data-id=\"a9eee96\" data-element_type=\"widget\" data-e-type=\"widget\" data-widget_type=\"text-editor.default\">\n\t\t\t\t\t\t\t\t\t<p>Let's discuss putting your data and AI strategy into production. Our experts will assist you with no obligation.<\/p>\t\t\t\t\t\t\t\t<\/div>\n\t\t\t\t<\/div>\n\t\t<div class=\"elementor-element elementor-element-94a726e e-con-full e-flex e-con e-child\" data-id=\"94a726e\" data-element_type=\"container\" data-e-type=\"container\">\n\t\t\t\t<div class=\"elementor-element elementor-element-81b344c elementor-widget__width-initial elementor-widget elementor-widget-hubspot-form\" data-id=\"81b344c\" data-element_type=\"widget\" data-e-type=\"widget\" data-widget_type=\"hubspot-form.default\">\n\t\t\t\t<div class=\"elementor-widget-container\">\n\t\t\t\t\t\n\t\t\t\t\t\t<script>\n\t\t\t\t\t\t\twindow.hsFormsOnReady = window.hsFormsOnReady || [];\n\t\t\t\t\t\t\twindow.hsFormsOnReady.push(()=>{\n\t\t\t\t\t\t\t\thbspt.forms.create({\n\t\t\t\t\t\t\t\t\tportalId: 143644598,\n\t\t\t\t\t\t\t\t\tformId: \"317328c9-a121-4f17-bf01-3dc28c892ed8\",\n\t\t\t\t\t\t\t\t\ttarget: \"#hbspt-form-1778515734000-8718338019\",\n\t\t\t\t\t\t\t\t\tregion: \"eu1\",\n\t\t\t\t\t\t\t\t\t\n\t\t\t\t\t\t\t})});\n\t\t\t\t\t\t<\/script>\n\t\t\t\t\t\t<div class=\"hbspt-form\" id=\"hbspt-form-1778515734000-8718338019\"><\/div>\t\t\t\t<\/div>\n\t\t\t\t<\/div>\n\t\t\t\t<\/div>\n\t\t\t\t<\/div>\n\t\t\t\t\t<\/div>\n\t\t\t\t<\/div>\n\t\t<div class=\"elementor-element elementor-element-09e3a74 e-flex e-con-boxed e-con e-parent\" data-id=\"09e3a74\" data-element_type=\"container\" data-e-type=\"container\" data-settings=\"{&quot;background_background&quot;:&quot;classic&quot;}\">\n\t\t\t\t\t<div class=\"e-con-inner\">\n\t\t\t\t<div class=\"elementor-element elementor-element-79e4942 elementor-widget elementor-widget-heading\" data-id=\"79e4942\" data-element_type=\"widget\" data-e-type=\"widget\" data-widget_type=\"heading.default\">\n\t\t\t\t\t<h2 class=\"elementor-heading-title elementor-size-default\">THEY TRUST US<\/h2>\t\t\t\t<\/div>\n\t\t\t\t<div class=\"elementor-element elementor-element-40b55ca elementor-widget-divider--view-line elementor-widget elementor-widget-global elementor-global-343 elementor-widget-divider\" data-id=\"40b55ca\" data-element_type=\"widget\" data-e-type=\"widget\" data-widget_type=\"divider.default\">\n\t\t\t\t\t\t\t<div class=\"elementor-divider\">\n\t\t\t<span class=\"elementor-divider-separator\">\n\t\t\t\t\t\t<\/span>\n\t\t<\/div>\n\t\t\t\t\t\t<\/div>\n\t\t<div class=\"elementor-element elementor-element-9853495 e-con-full e-flex e-con e-child\" data-id=\"9853495\" data-element_type=\"container\" data-e-type=\"container\">\n\t\t\t\t<div class=\"elementor-element elementor-element-a700cf6 elementor-widget__width-initial elementor-widget elementor-widget-image\" data-id=\"a700cf6\" data-element_type=\"widget\" data-e-type=\"widget\" data-widget_type=\"image.default\">\n\t\t\t\t\t\t\t\t\t\t\t\t\t\t\t<img decoding=\"async\" width=\"67\" height=\"50\" src=\"https:\/\/www.jems-group.com\/wp-content\/uploads\/2025\/12\/logo-pathe.webp\" class=\"attachment-large size-large wp-image-336\" alt=\"Path\u00e9 logo\" srcset=\"https:\/\/www.jems-group.com\/wp-content\/uploads\/2025\/12\/logo-pathe.webp 67w, https:\/\/www.jems-group.com\/wp-content\/uploads\/2025\/12\/logo-pathe-16x12.png 16w\" sizes=\"(max-width: 67px) 100vw, 67px\" \/>\t\t\t\t\t\t\t\t\t\t\t\t\t\t\t<\/div>\n\t\t\t\t<div class=\"elementor-element elementor-element-58ccbda elementor-widget__width-initial elementor-widget elementor-widget-image\" data-id=\"58ccbda\" data-element_type=\"widget\" data-e-type=\"widget\" data-widget_type=\"image.default\">\n\t\t\t\t\t\t\t\t\t\t\t\t\t\t\t<img decoding=\"async\" width=\"58\" height=\"50\" src=\"https:\/\/www.jems-group.com\/wp-content\/uploads\/2025\/12\/renault-logo.webp\" class=\"attachment-large size-large wp-image-337\" alt=\"Renault emblem\" srcset=\"https:\/\/www.jems-group.com\/wp-content\/uploads\/2025\/12\/renault-logo.webp 58w, https:\/\/www.jems-group.com\/wp-content\/uploads\/2025\/12\/renault-logo-14x12.png 14w\" sizes=\"(max-width: 58px) 100vw, 58px\" \/>\t\t\t\t\t\t\t\t\t\t\t\t\t\t\t<\/div>\n\t\t\t\t<div class=\"elementor-element elementor-element-1331a4c elementor-widget__width-initial elementor-widget elementor-widget-image\" data-id=\"1331a4c\" data-element_type=\"widget\" data-e-type=\"widget\" data-widget_type=\"image.default\">\n\t\t\t\t\t\t\t\t\t\t\t\t\t\t\t<img decoding=\"async\" width=\"71\" height=\"45\" src=\"https:\/\/www.jems-group.com\/wp-content\/uploads\/2025\/12\/chanel-logo.webp\" class=\"attachment-large size-large wp-image-333\" alt=\"Chanel logo\" srcset=\"https:\/\/www.jems-group.com\/wp-content\/uploads\/2025\/12\/chanel-logo.webp 71w, https:\/\/www.jems-group.com\/wp-content\/uploads\/2025\/12\/chanel-logo-18x12.png 18w\" sizes=\"(max-width: 71px) 100vw, 71px\" \/>\t\t\t\t\t\t\t\t\t\t\t\t\t\t\t<\/div>\n\t\t\t\t<div class=\"elementor-element elementor-element-7b60e08 elementor-widget__width-initial elementor-widget elementor-widget-image\" data-id=\"7b60e08\" data-element_type=\"widget\" data-e-type=\"widget\" data-widget_type=\"image.default\">\n\t\t\t\t\t\t\t\t\t\t\t\t\t\t\t<img loading=\"lazy\" decoding=\"async\" width=\"106\" height=\"45\" src=\"https:\/\/www.jems-group.com\/wp-content\/uploads\/2025\/12\/Saint-Gobain-logo.webp\" class=\"attachment-large size-large wp-image-338\" alt=\"Saint-Gobain logo\" srcset=\"https:\/\/www.jems-group.com\/wp-content\/uploads\/2025\/12\/Saint-Gobain-logo.webp 106w, https:\/\/www.jems-group.com\/wp-content\/uploads\/2025\/12\/Saint-Gobain-logo-18x8.png 18w\" sizes=\"(max-width: 106px) 100vw, 106px\" \/>\t\t\t\t\t\t\t\t\t\t\t\t\t\t\t<\/div>\n\t\t\t\t<div class=\"elementor-element elementor-element-31cc1a5 elementor-widget__width-initial elementor-widget elementor-widget-image\" data-id=\"31cc1a5\" data-element_type=\"widget\" data-e-type=\"widget\" data-widget_type=\"image.default\">\n\t\t\t\t\t\t\t\t\t\t\t\t\t\t\t<img loading=\"lazy\" decoding=\"async\" width=\"72\" height=\"37\" src=\"https:\/\/www.jems-group.com\/wp-content\/uploads\/2025\/12\/sncf-logo.webp\" class=\"attachment-large size-large wp-image-335\" alt=\"SNCF Logo\" srcset=\"https:\/\/www.jems-group.com\/wp-content\/uploads\/2025\/12\/sncf-logo.webp 72w, https:\/\/www.jems-group.com\/wp-content\/uploads\/2025\/12\/sncf-logo-18x9.png 18w\" sizes=\"(max-width: 72px) 100vw, 72px\" \/>\t\t\t\t\t\t\t\t\t\t\t\t\t\t\t<\/div>\n\t\t\t\t<div class=\"elementor-element elementor-element-1933ec4 elementor-widget__width-initial elementor-widget elementor-widget-image\" data-id=\"1933ec4\" data-element_type=\"widget\" data-e-type=\"widget\" data-widget_type=\"image.default\">\n\t\t\t\t\t\t\t\t\t\t\t\t\t\t\t<img loading=\"lazy\" decoding=\"async\" width=\"133\" height=\"45\" src=\"https:\/\/www.jems-group.com\/wp-content\/uploads\/2025\/12\/societe-generale-logo.webp\" class=\"attachment-large size-large wp-image-334\" alt=\"Soci\u00e9t\u00e9 G\u00e9n\u00e9rale logo\" srcset=\"https:\/\/www.jems-group.com\/wp-content\/uploads\/2025\/12\/societe-generale-logo.webp 133w, https:\/\/www.jems-group.com\/wp-content\/uploads\/2025\/12\/societe-generale-logo-18x6.png 18w\" sizes=\"(max-width: 133px) 100vw, 133px\" \/>\t\t\t\t\t\t\t\t\t\t\t\t\t\t\t<\/div>\n\t\t\t\t<div class=\"elementor-element elementor-element-60706ef elementor-widget__width-initial elementor-widget elementor-widget-image\" data-id=\"60706ef\" data-element_type=\"widget\" data-e-type=\"widget\" data-widget_type=\"image.default\">\n\t\t\t\t\t\t\t\t\t\t\t\t\t\t\t<img loading=\"lazy\" decoding=\"async\" width=\"120\" height=\"44\" src=\"https:\/\/www.jems-group.com\/wp-content\/uploads\/2025\/12\/k-line-logo.webp\" class=\"attachment-large size-large wp-image-332\" alt=\"K-LINE logo\" srcset=\"https:\/\/www.jems-group.com\/wp-content\/uploads\/2025\/12\/k-line-logo.webp 120w, https:\/\/www.jems-group.com\/wp-content\/uploads\/2025\/12\/k-line-logo-18x7.png 18w\" sizes=\"(max-width: 120px) 100vw, 120px\" \/>\t\t\t\t\t\t\t\t\t\t\t\t\t\t\t<\/div>\n\t\t\t\t<\/div>\n\t\t\t\t\t<\/div>\n\t\t\t\t<\/div>\n\t\t\t\t<\/div>","protected":false},"excerpt":{"rendered":"<p>Ready to transform your business challenges into competitive advantages? Let's discuss the implementation of your data and AI strategy together. Our experts will guide you with no obligation. THEY TRUST US<\/p>","protected":false},"author":4,"featured_media":0,"parent":0,"menu_order":0,"comment_status":"closed","ping_status":"closed","template":"","meta":{"content-type":"","footnotes":""},"class_list":["post-456","page","type-page","status-publish","hentry"],"yoast_head":"<!-- This site is optimized with the Yoast SEO plugin v27.5 - https:\/\/yoast.com\/product\/yoast-seo-wordpress\/ -->\n<title>Contactez nos Experts Data &amp; IA - JEMS<\/title>\n<meta name=\"description\" content=\"Pr\u00eat \u00e0 transformer vos d\u00e9fis m\u00e9tiers en succ\u00e8s ? Contactez les experts JEMS pour discuter de votre strat\u00e9gie Data &amp; IA.\" \/>\n<meta name=\"robots\" content=\"index, follow, max-snippet:-1, max-image-preview:large, max-video-preview:-1\" \/>\n<link rel=\"canonical\" href=\"https:\/\/www.jems-group.com\/en\/contact\/\" \/>\n<meta property=\"og:locale\" content=\"en_GB\" \/>\n<meta property=\"og:type\" content=\"article\" \/>\n<meta property=\"og:title\" content=\"Contactez nos Experts Data &amp; IA - JEMS\" \/>\n<meta property=\"og:description\" content=\"Pr\u00eat \u00e0 transformer vos d\u00e9fis m\u00e9tiers en succ\u00e8s ? Contactez les experts JEMS pour discuter de votre strat\u00e9gie Data &amp; IA.\" \/>\n<meta property=\"og:url\" content=\"https:\/\/www.jems-group.com\/en\/contact\/\" \/>\n<meta property=\"og:site_name\" content=\"JEMS\" \/>\n<meta property=\"article:modified_time\" content=\"2026-04-23T13:35:35+00:00\" \/>\n<meta property=\"og:image\" content=\"https:\/\/dev.jems-group.com\/wp-content\/uploads\/2025\/12\/logo-pathe.webp\" \/>\n<meta name=\"twitter:card\" content=\"summary_large_image\" \/>\n<script type=\"application\/ld+json\" class=\"yoast-schema-graph\">{\"@context\":\"https:\\\/\\\/schema.org\",\"@graph\":[{\"@type\":\"WebPage\",\"@id\":\"https:\\\/\\\/www.jems-group.com\\\/en\\\/contact\\\/\",\"url\":\"https:\\\/\\\/www.jems-group.com\\\/en\\\/contact\\\/\",\"name\":\"Contactez nos Experts Data & IA - JEMS\",\"isPartOf\":{\"@id\":\"https:\\\/\\\/www.jems-group.com\\\/fr\\\/#website\"},\"primaryImageOfPage\":{\"@id\":\"https:\\\/\\\/www.jems-group.com\\\/en\\\/contact\\\/#primaryimage\"},\"image\":{\"@id\":\"https:\\\/\\\/www.jems-group.com\\\/en\\\/contact\\\/#primaryimage\"},\"thumbnailUrl\":\"https:\\\/\\\/dev.jems-group.com\\\/wp-content\\\/uploads\\\/2025\\\/12\\\/logo-pathe.webp\",\"datePublished\":\"2026-02-27T09:12:34+00:00\",\"dateModified\":\"2026-04-23T13:35:35+00:00\",\"description\":\"Pr\u00eat \u00e0 transformer vos d\u00e9fis m\u00e9tiers en succ\u00e8s ? Contactez les experts JEMS pour discuter de votre strat\u00e9gie Data & IA.\",\"breadcrumb\":{\"@id\":\"https:\\\/\\\/www.jems-group.com\\\/en\\\/contact\\\/#breadcrumb\"},\"inLanguage\":\"en-GB\",\"potentialAction\":[{\"@type\":\"ReadAction\",\"target\":[\"https:\\\/\\\/www.jems-group.com\\\/en\\\/contact\\\/\"]}]},{\"@type\":\"ImageObject\",\"inLanguage\":\"en-GB\",\"@id\":\"https:\\\/\\\/www.jems-group.com\\\/en\\\/contact\\\/#primaryimage\",\"url\":\"https:\\\/\\\/dev.jems-group.com\\\/wp-content\\\/uploads\\\/2025\\\/12\\\/logo-pathe.webp\",\"contentUrl\":\"https:\\\/\\\/dev.jems-group.com\\\/wp-content\\\/uploads\\\/2025\\\/12\\\/logo-pathe.webp\"},{\"@type\":\"BreadcrumbList\",\"@id\":\"https:\\\/\\\/www.jems-group.com\\\/en\\\/contact\\\/#breadcrumb\",\"itemListElement\":[{\"@type\":\"ListItem\",\"position\":1,\"name\":\"Accueil\",\"item\":\"https:\\\/\\\/www.jems-group.com\\\/\"},{\"@type\":\"ListItem\",\"position\":2,\"name\":\"Contact\"}]},{\"@type\":\"WebSite\",\"@id\":\"https:\\\/\\\/www.jems-group.com\\\/fr\\\/#website\",\"url\":\"https:\\\/\\\/www.jems-group.com\\\/fr\\\/\",\"name\":\"JEMS\",\"description\":\"The Data-AI orchestration company for profitable industry\",\"publisher\":{\"@id\":\"https:\\\/\\\/www.jems-group.com\\\/fr\\\/#organization\"},\"potentialAction\":[{\"@type\":\"SearchAction\",\"target\":{\"@type\":\"EntryPoint\",\"urlTemplate\":\"https:\\\/\\\/www.jems-group.com\\\/fr\\\/?s={search_term_string}\"},\"query-input\":{\"@type\":\"PropertyValueSpecification\",\"valueRequired\":true,\"valueName\":\"search_term_string\"}}],\"inLanguage\":\"en-GB\"},{\"@type\":\"Organization\",\"@id\":\"https:\\\/\\\/www.jems-group.com\\\/fr\\\/#organization\",\"name\":\"JEMS\",\"url\":\"https:\\\/\\\/www.jems-group.com\\\/fr\\\/\",\"logo\":{\"@type\":\"ImageObject\",\"inLanguage\":\"en-GB\",\"@id\":\"https:\\\/\\\/www.jems-group.com\\\/fr\\\/#\\\/schema\\\/logo\\\/image\\\/\",\"url\":\"https:\\\/\\\/www.jems-group.com\\\/wp-content\\\/uploads\\\/2025\\\/12\\\/Jems-logo-couleur.webp\",\"contentUrl\":\"https:\\\/\\\/www.jems-group.com\\\/wp-content\\\/uploads\\\/2025\\\/12\\\/Jems-logo-couleur.webp\",\"width\":1600,\"height\":944,\"caption\":\"JEMS\"},\"image\":{\"@id\":\"https:\\\/\\\/www.jems-group.com\\\/fr\\\/#\\\/schema\\\/logo\\\/image\\\/\"},\"sameAs\":[\"https:\\\/\\\/www.linkedin.com\\\/company\\\/jems-group\\\/\",\"https:\\\/\\\/www.youtube.com\\\/@jems-group\"]}]}<\/script>\n<!-- \/ Yoast SEO plugin. -->","yoast_head_json":{"title":"Contact our Data &amp; AI Experts - JEMS","description":"Ready to turn your business challenges into successes? Contact JEMS experts to discuss your Data &amp; AI strategy.","robots":{"index":"index","follow":"follow","max-snippet":"max-snippet:-1","max-image-preview":"max-image-preview:large","max-video-preview":"max-video-preview:-1"},"canonical":"https:\/\/www.jems-group.com\/en\/contact\/","og_locale":"en_GB","og_type":"article","og_title":"Contactez nos Experts Data & IA - JEMS","og_description":"Pr\u00eat \u00e0 transformer vos d\u00e9fis m\u00e9tiers en succ\u00e8s ? Contactez les experts JEMS pour discuter de votre strat\u00e9gie Data & IA.","og_url":"https:\/\/www.jems-group.com\/en\/contact\/","og_site_name":"JEMS","article_modified_time":"2026-04-23T13:35:35+00:00","og_image":[{"url":"https:\/\/dev.jems-group.com\/wp-content\/uploads\/2025\/12\/logo-pathe.webp","type":"","width":"","height":""}],"twitter_card":"summary_large_image","schema":{"@context":"https:\/\/schema.org","@graph":[{"@type":"WebPage","@id":"https:\/\/www.jems-group.com\/en\/contact\/","url":"https:\/\/www.jems-group.com\/en\/contact\/","name":"Contact our Data &amp; AI Experts - JEMS","isPartOf":{"@id":"https:\/\/www.jems-group.com\/fr\/#website"},"primaryImageOfPage":{"@id":"https:\/\/www.jems-group.com\/en\/contact\/#primaryimage"},"image":{"@id":"https:\/\/www.jems-group.com\/en\/contact\/#primaryimage"},"thumbnailUrl":"https:\/\/dev.jems-group.com\/wp-content\/uploads\/2025\/12\/logo-pathe.webp","datePublished":"2026-02-27T09:12:34+00:00","dateModified":"2026-04-23T13:35:35+00:00","description":"Ready to turn your business challenges into successes? Contact JEMS experts to discuss your Data &amp; AI strategy.","breadcrumb":{"@id":"https:\/\/www.jems-group.com\/en\/contact\/#breadcrumb"},"inLanguage":"en-GB","potentialAction":[{"@type":"ReadAction","target":["https:\/\/www.jems-group.com\/en\/contact\/"]}]},{"@type":"ImageObject","inLanguage":"en-GB","@id":"https:\/\/www.jems-group.com\/en\/contact\/#primaryimage","url":"https:\/\/dev.jems-group.com\/wp-content\/uploads\/2025\/12\/logo-pathe.webp","contentUrl":"https:\/\/dev.jems-group.com\/wp-content\/uploads\/2025\/12\/logo-pathe.webp"},{"@type":"BreadcrumbList","@id":"https:\/\/www.jems-group.com\/en\/contact\/#breadcrumb","itemListElement":[{"@type":"ListItem","position":1,"name":"Accueil","item":"https:\/\/www.jems-group.com\/"},{"@type":"ListItem","position":2,"name":"Contact"}]},{"@type":"WebSite","@id":"https:\/\/www.jems-group.com\/fr\/#website","url":"https:\/\/www.jems-group.com\/fr\/","name":"JEMS","description":"The Data-AI orchestration company for profitable industry","publisher":{"@id":"https:\/\/www.jems-group.com\/fr\/#organization"},"potentialAction":[{"@type":"SearchAction","target":{"@type":"EntryPoint","urlTemplate":"https:\/\/www.jems-group.com\/fr\/?s={search_term_string}"},"query-input":{"@type":"PropertyValueSpecification","valueRequired":true,"valueName":"search_term_string"}}],"inLanguage":"en-GB"},{"@type":"Organization","@id":"https:\/\/www.jems-group.com\/fr\/#organization","name":"JEMS","url":"https:\/\/www.jems-group.com\/fr\/","logo":{"@type":"ImageObject","inLanguage":"en-GB","@id":"https:\/\/www.jems-group.com\/fr\/#\/schema\/logo\/image\/","url":"https:\/\/www.jems-group.com\/wp-content\/uploads\/2025\/12\/Jems-logo-couleur.webp","contentUrl":"https:\/\/www.jems-group.com\/wp-content\/uploads\/2025\/12\/Jems-logo-couleur.webp","width":1600,"height":944,"caption":"JEMS"},"image":{"@id":"https:\/\/www.jems-group.com\/fr\/#\/schema\/logo\/image\/"},"sameAs":["https:\/\/www.linkedin.com\/company\/jems-group\/","https:\/\/www.youtube.com\/@jems-group"]}]}},"_links":{"self":[{"href":"https:\/\/www.jems-group.com\/en\/wp-json\/wp\/v2\/pages\/456","targetHints":{"allow":["GET"]}}],"collection":[{"href":"https:\/\/www.jems-group.com\/en\/wp-json\/wp\/v2\/pages"}],"about":[{"href":"https:\/\/www.jems-group.com\/en\/wp-json\/wp\/v2\/types\/page"}],"author":[{"embeddable":true,"href":"https:\/\/www.jems-group.com\/en\/wp-json\/wp\/v2\/users\/4"}],"replies":[{"embeddable":true,"href":"https:\/\/www.jems-group.com\/en\/wp-json\/wp\/v2\/comments?post=456"}],"version-history":[{"count":0,"href":"https:\/\/www.jems-group.com\/en\/wp-json\/wp\/v2\/pages\/456\/revisions"}],"wp:attachment":[{"href":"https:\/\/www.jems-group.com\/en\/wp-json\/wp\/v2\/media?parent=456"}],"curies":[{"name":"wp","href":"https:\/\/api.w.org\/{rel}","templated":true}]}}