{"id":11922,"date":"2026-03-05T11:48:48","date_gmt":"2026-03-05T10:48:48","guid":{"rendered":"https:\/\/dev.jems-group.com\/?page_id=11922"},"modified":"2026-04-22T11:34:39","modified_gmt":"2026-04-22T09:34:39","slug":"mentions-legales","status":"publish","type":"page","link":"https:\/\/www.jems-group.com\/fr\/mentions-legales\/","title":{"rendered":"Mentions l\u00e9gales"},"content":{"rendered":"\t\t<div data-elementor-type=\"wp-page\" data-elementor-id=\"11922\" class=\"elementor elementor-11922\" data-elementor-post-type=\"page\">\n\t\t\t\t<div class=\"elementor-element elementor-element-ba6ee8f e-flex e-con-boxed e-con e-parent\" data-id=\"ba6ee8f\" data-element_type=\"container\" data-e-type=\"container\">\n\t\t\t\t\t<div class=\"e-con-inner\">\n\t\t\t\t<div class=\"elementor-element elementor-element-314c536 elementor-widget elementor-widget-global elementor-global-11934 elementor-widget-breadcrumbs\" data-id=\"314c536\" data-element_type=\"widget\" data-e-type=\"widget\" data-widget_type=\"breadcrumbs.default\">\n\t\t\t\t\t<p id=\"breadcrumbs\"><span><span><a href=\"https:\/\/dev.jems-group.com\/\">Accueil<\/a><\/span><\/span><\/p>\t\t\t\t<\/div>\n\t\t\t\t<div class=\"elementor-element elementor-element-4602e1d elementor-widget elementor-widget-text-editor\" data-id=\"4602e1d\" data-element_type=\"widget\" data-e-type=\"widget\" data-widget_type=\"text-editor.default\">\n\t\t\t\t\t\t\t\t\t<div class=\"content-page begin\"><h1><strong>Mentions l\u00e9gales<\/strong><\/h1><h2>\u00c9diteur du site<\/h2><div class=\"content-text\"><ul><li>D\u00e9nomination sociale : JEMS<\/li><li>Forme sociale : Soci\u00e9t\u00e9 par actions simplifi\u00e9e<\/li><li>Si\u00e8ge social : 9 place Marie-Jeanne Bassot, 92300 Levallois-Perret<\/li><li>Capital social : 47 040,00 \u20ac<\/li><li>Adresse \u00e9lectronique :\u00a0<strong>marketing@jems-group.com<\/strong><\/li><\/ul><\/div><\/div><div class=\"content-page begin\"><h2>H\u00e9bergeur<\/h2><div class=\"content-text\"><ul><li>Online SAS<\/li><li>8 rue de la Ville-l\u2019\u00c9v\u00eaque \u2013 BP 438 \/ 75366 PARIS Cedex 08 \/ FRANCE<\/li><li>01 84 13 00 00<\/li><\/ul><h2>Informations relatives \u00e0 nos fusions<\/h2><ul><li><a href=\"https:\/\/mibc-fr-02.mailinblack.com\/securelink\/?url=https:\/\/financiere-java.com&amp;key=eyJsYW5nIjoiRlIiLCJ1cmwiOiJodHRwczovL2ZpbmFuY2llcmUtamF2YS5jb20iLCJ0b2tlbiI6ImdBQUFBQUJrTnBUZU54akE1dk4yVjlNa2VHWjVUd0VRVWpBM1FzUjJEWW0zRlU0R2NDT1ZrdGxNZjc0YzlLZnk3c3hJM3kzQkxVX1NLaGlUbkFHbFI2TW9RZXNPS1Q4MmoyeGEzOVJqZFBuazJ1RzUxa3k5Ynkwd0dpQzR4TDh1WGRMbC0ybEdtcS1pbERHLWZtTmZKaUhIOENMQ21LbnNfbG1nZXFFbW4xeVA0dDREbUpsVlB1VUtYa3U2RFZNajdESFhQaDNxWWNoVlpLcTl6SC11dXI1MVJjSzBOS3Z6bUg2aE1vX0ZvdUFfMURHUHN2dnBrRHBmcWszNGF2d2VqcW1MNWNJczQ1Sm1raDVMN3ptMlFoUHpIWi1fZ003aVlQalZyWklsem9CQkMydUhKanRFaHRhczZLSWJUMm04UkFXaEF0bkZEVndNIn0=\">https:\/\/financiere-java.com<\/a><\/li><li><a href=\"https:\/\/mibc-fr-02.mailinblack.com\/securelink\/?url=https:\/\/javaco2.com&amp;key=eyJsYW5nIjoiRlIiLCJ1cmwiOiJodHRwczovL2phdmFjbzIuY29tIiwidG9rZW4iOiJnQUFBQUFCa05wVGVFNTYtUjI3dFFCd0tKMDcxNjFMQnowVFY1UmNmZ09yeDNPRW5HM2J4UmJ4b0VrdFI2U21HUldNMjA1bFZzQXphS2RIcXFqUlo0THNYY1A2bGlWYXFlS0ZfcDdfbzRzeno1U1RZZDZobzRmYkREcFJ1M3NsRHBYNDhJVk8yUEN6WXlZQnlJT0hWWjJ4Rm9yTC1NWS1XcFh2bksxcG5qMXp3Mk9OOURlNzhfMksxbnkxUEwwN1pWd3RGYXVaMXRnRGJIT29QSW1YZmY2d3IxcEYyLUswenBmSlo1UEg0YmVRYkhEVjNxY1U3SmdlTTM2YVNrRE5NWks1OU9melJkRjRmcFFYY0ViaUNuVUVoRzMyNFpxZWtmdkZRX3RFdEFQRWdrX2gwTnFoMmpZdDlHTUw3U2RheFM0eF8ydE1uOUJqciJ9\">https:\/\/javaco2.com<\/a><\/li><li><a href=\"https:\/\/mibc-fr-02.mailinblack.com\/securelink\/?url=https:\/\/javaco1.com&amp;key=eyJsYW5nIjoiRlIiLCJ1cmwiOiJodHRwczovL2phdmFjbzEuY29tIiwidG9rZW4iOiJnQUFBQUFCa05wVGViT2lZVzM5Y2VZWFVMQ2pwaFJRTHV3dDdFSXVKdkk0NU0zSGZIenUxMklXMVB6eGZLOHNCSWgwa25SRlQzMnVZWlVDOTROUThwMHBzYTAtdlBVQjdnSjl6OUFybVBqNFp5WVNlcnJmODlURDE4blFyOVVGOXBWU3cwSUhIRmVwbXlMb3B4ZlFXcVVDQ0dLczl0MFFhdkVZNl9iU3o2YUNBYmlpMktuMHlDRktiZURyTjRNMDY3QUFlcmxoS0VqRERnMHpHM3FIMFdHQU1jWnU5MXg2VHVqV1FMQ3VIVmp4TFM1T2QxaG5VeFZMQzFQWDdKaDYyU0NJcGpSeEtPS25RM3BSTkdTMXJGS0UxcTNlZ2ZaV1FIblJjTUVZTG50VzlFYzEza3RHOHQ1dkJFOFdjUGdJVXI2UFRFdHFVZEJ3USJ9\">https:\/\/javaco1.com<\/a><\/li><\/ul><\/div><\/div>\t\t\t\t\t\t\t\t<\/div>\n\t\t\t\t\t<\/div>\n\t\t\t\t<\/div>\n\t\t\t\t<\/div>\n\t\t","protected":false},"excerpt":{"rendered":"<p>Mentions l\u00e9gales \u00c9diteur du site D\u00e9nomination sociale : JEMS Forme sociale : Soci\u00e9t\u00e9 par actions simplifi\u00e9e Si\u00e8ge social : 9 place Marie-Jeanne Bassot, 92300 Levallois-Perret Capital social : 47 040,00 \u20ac Adresse \u00e9lectronique :\u00a0marketing@jems-group.com H\u00e9bergeur Online SAS 8 rue de la Ville-l\u2019\u00c9v\u00eaque \u2013 BP 438 \/ 75366 PARIS Cedex 08 \/ FRANCE 01 84 13 [&hellip;]<\/p>\n","protected":false},"author":4,"featured_media":21,"parent":0,"menu_order":0,"comment_status":"closed","ping_status":"closed","template":"","meta":{"content-type":"","footnotes":""},"class_list":["post-11922","page","type-page","status-publish","has-post-thumbnail","hentry"],"yoast_head":"<!-- This site is optimized with the Yoast SEO plugin v27.5 - https:\/\/yoast.com\/product\/yoast-seo-wordpress\/ -->\n<title>Mentions l\u00e9gales - JEMS<\/title>\n<meta name=\"description\" content=\"Consultez les mentions l\u00e9gales du groupe JEMS : informations \u00e9ditoriales, h\u00e9bergement du site et conditions g\u00e9n\u00e9rales d&#039;utilisation.\" \/>\n<meta name=\"robots\" content=\"index, follow, max-snippet:-1, max-image-preview:large, max-video-preview:-1\" \/>\n<link rel=\"canonical\" href=\"https:\/\/dev.jems-group.com\/mentions-legales\/\" \/>\n<meta property=\"og:locale\" content=\"fr_FR\" \/>\n<meta property=\"og:type\" content=\"article\" \/>\n<meta property=\"og:title\" content=\"Mentions l\u00e9gales - JEMS\" \/>\n<meta property=\"og:description\" content=\"Consultez les mentions l\u00e9gales du groupe JEMS : informations \u00e9ditoriales, h\u00e9bergement du site et conditions g\u00e9n\u00e9rales d&#039;utilisation.\" \/>\n<meta property=\"og:url\" content=\"https:\/\/dev.jems-group.com\/mentions-legales\/\" \/>\n<meta property=\"og:site_name\" content=\"JEMS\" \/>\n<meta property=\"article:modified_time\" content=\"2026-04-22T09:34:39+00:00\" \/>\n<meta property=\"og:image\" content=\"https:\/\/dev.jems-group.com\/wp-content\/uploads\/2025\/12\/Jems-Favicon.webp\" \/>\n\t<meta property=\"og:image:width\" content=\"436\" \/>\n\t<meta property=\"og:image:height\" content=\"436\" \/>\n\t<meta property=\"og:image:type\" content=\"image\/webp\" \/>\n<meta name=\"twitter:card\" content=\"summary_large_image\" \/>\n<meta name=\"twitter:label1\" content=\"Dur\u00e9e de lecture estim\u00e9e\" \/>\n\t<meta name=\"twitter:data1\" content=\"1 minute\" \/>\n<script type=\"application\/ld+json\" class=\"yoast-schema-graph\">{\"@context\":\"https:\\\/\\\/schema.org\",\"@graph\":[{\"@type\":\"WebPage\",\"@id\":\"https:\\\/\\\/dev.jems-group.com\\\/mentions-legales\\\/\",\"url\":\"https:\\\/\\\/dev.jems-group.com\\\/mentions-legales\\\/\",\"name\":\"Mentions l\u00e9gales - JEMS\",\"isPartOf\":{\"@id\":\"https:\\\/\\\/www.jems-group.com\\\/#website\"},\"primaryImageOfPage\":{\"@id\":\"https:\\\/\\\/dev.jems-group.com\\\/mentions-legales\\\/#primaryimage\"},\"image\":{\"@id\":\"https:\\\/\\\/dev.jems-group.com\\\/mentions-legales\\\/#primaryimage\"},\"thumbnailUrl\":\"https:\\\/\\\/www.jems-group.com\\\/wp-content\\\/uploads\\\/2025\\\/12\\\/Jems-Favicon.webp\",\"datePublished\":\"2026-03-05T10:48:48+00:00\",\"dateModified\":\"2026-04-22T09:34:39+00:00\",\"description\":\"Consultez les mentions l\u00e9gales du groupe JEMS : informations \u00e9ditoriales, h\u00e9bergement du site et conditions g\u00e9n\u00e9rales d'utilisation.\",\"breadcrumb\":{\"@id\":\"https:\\\/\\\/dev.jems-group.com\\\/mentions-legales\\\/#breadcrumb\"},\"inLanguage\":\"fr-FR\",\"potentialAction\":[{\"@type\":\"ReadAction\",\"target\":[\"https:\\\/\\\/dev.jems-group.com\\\/mentions-legales\\\/\"]}]},{\"@type\":\"ImageObject\",\"inLanguage\":\"fr-FR\",\"@id\":\"https:\\\/\\\/dev.jems-group.com\\\/mentions-legales\\\/#primaryimage\",\"url\":\"https:\\\/\\\/www.jems-group.com\\\/wp-content\\\/uploads\\\/2025\\\/12\\\/Jems-Favicon.webp\",\"contentUrl\":\"https:\\\/\\\/www.jems-group.com\\\/wp-content\\\/uploads\\\/2025\\\/12\\\/Jems-Favicon.webp\",\"width\":436,\"height\":436,\"caption\":\"Jems Favicon\"},{\"@type\":\"BreadcrumbList\",\"@id\":\"https:\\\/\\\/dev.jems-group.com\\\/mentions-legales\\\/#breadcrumb\",\"itemListElement\":[{\"@type\":\"ListItem\",\"position\":1,\"name\":\"Accueil\",\"item\":\"https:\\\/\\\/dev.jems-group.com\\\/\"},{\"@type\":\"ListItem\",\"position\":2,\"name\":\"Mentions l\u00e9gales\"}]},{\"@type\":\"WebSite\",\"@id\":\"https:\\\/\\\/www.jems-group.com\\\/#website\",\"url\":\"https:\\\/\\\/www.jems-group.com\\\/\",\"name\":\"JEMS\",\"description\":\"We turn data into AI-powered performance\",\"publisher\":{\"@id\":\"https:\\\/\\\/www.jems-group.com\\\/#organization\"},\"potentialAction\":[{\"@type\":\"SearchAction\",\"target\":{\"@type\":\"EntryPoint\",\"urlTemplate\":\"https:\\\/\\\/www.jems-group.com\\\/?s={search_term_string}\"},\"query-input\":{\"@type\":\"PropertyValueSpecification\",\"valueRequired\":true,\"valueName\":\"search_term_string\"}}],\"inLanguage\":\"fr-FR\"},{\"@type\":\"Organization\",\"@id\":\"https:\\\/\\\/www.jems-group.com\\\/#organization\",\"name\":\"JEMS\",\"url\":\"https:\\\/\\\/www.jems-group.com\\\/\",\"logo\":{\"@type\":\"ImageObject\",\"inLanguage\":\"fr-FR\",\"@id\":\"https:\\\/\\\/www.jems-group.com\\\/#\\\/schema\\\/logo\\\/image\\\/\",\"url\":\"https:\\\/\\\/www.jems-group.com\\\/wp-content\\\/uploads\\\/2025\\\/12\\\/Jems-logo-couleur.webp\",\"contentUrl\":\"https:\\\/\\\/www.jems-group.com\\\/wp-content\\\/uploads\\\/2025\\\/12\\\/Jems-logo-couleur.webp\",\"width\":1600,\"height\":944,\"caption\":\"JEMS\"},\"image\":{\"@id\":\"https:\\\/\\\/www.jems-group.com\\\/#\\\/schema\\\/logo\\\/image\\\/\"},\"sameAs\":[\"https:\\\/\\\/www.linkedin.com\\\/company\\\/jems-group\\\/\",\"https:\\\/\\\/www.youtube.com\\\/@jems-group\"]}]}<\/script>\n<!-- \/ Yoast SEO plugin. -->","yoast_head_json":{"title":"Mentions l\u00e9gales - JEMS","description":"Consultez les mentions l\u00e9gales du groupe JEMS : informations \u00e9ditoriales, h\u00e9bergement du site et conditions g\u00e9n\u00e9rales d'utilisation.","robots":{"index":"index","follow":"follow","max-snippet":"max-snippet:-1","max-image-preview":"max-image-preview:large","max-video-preview":"max-video-preview:-1"},"canonical":"https:\/\/dev.jems-group.com\/mentions-legales\/","og_locale":"fr_FR","og_type":"article","og_title":"Mentions l\u00e9gales - JEMS","og_description":"Consultez les mentions l\u00e9gales du groupe JEMS : informations \u00e9ditoriales, h\u00e9bergement du site et conditions g\u00e9n\u00e9rales d'utilisation.","og_url":"https:\/\/dev.jems-group.com\/mentions-legales\/","og_site_name":"JEMS","article_modified_time":"2026-04-22T09:34:39+00:00","og_image":[{"width":436,"height":436,"url":"https:\/\/dev.jems-group.com\/wp-content\/uploads\/2025\/12\/Jems-Favicon.webp","type":"image\/webp"}],"twitter_card":"summary_large_image","twitter_misc":{"Dur\u00e9e de lecture estim\u00e9e":"1 minute"},"schema":{"@context":"https:\/\/schema.org","@graph":[{"@type":"WebPage","@id":"https:\/\/dev.jems-group.com\/mentions-legales\/","url":"https:\/\/dev.jems-group.com\/mentions-legales\/","name":"Mentions l\u00e9gales - JEMS","isPartOf":{"@id":"https:\/\/www.jems-group.com\/#website"},"primaryImageOfPage":{"@id":"https:\/\/dev.jems-group.com\/mentions-legales\/#primaryimage"},"image":{"@id":"https:\/\/dev.jems-group.com\/mentions-legales\/#primaryimage"},"thumbnailUrl":"https:\/\/www.jems-group.com\/wp-content\/uploads\/2025\/12\/Jems-Favicon.webp","datePublished":"2026-03-05T10:48:48+00:00","dateModified":"2026-04-22T09:34:39+00:00","description":"Consultez les mentions l\u00e9gales du groupe JEMS : informations \u00e9ditoriales, h\u00e9bergement du site et conditions g\u00e9n\u00e9rales d'utilisation.","breadcrumb":{"@id":"https:\/\/dev.jems-group.com\/mentions-legales\/#breadcrumb"},"inLanguage":"fr-FR","potentialAction":[{"@type":"ReadAction","target":["https:\/\/dev.jems-group.com\/mentions-legales\/"]}]},{"@type":"ImageObject","inLanguage":"fr-FR","@id":"https:\/\/dev.jems-group.com\/mentions-legales\/#primaryimage","url":"https:\/\/www.jems-group.com\/wp-content\/uploads\/2025\/12\/Jems-Favicon.webp","contentUrl":"https:\/\/www.jems-group.com\/wp-content\/uploads\/2025\/12\/Jems-Favicon.webp","width":436,"height":436,"caption":"Jems Favicon"},{"@type":"BreadcrumbList","@id":"https:\/\/dev.jems-group.com\/mentions-legales\/#breadcrumb","itemListElement":[{"@type":"ListItem","position":1,"name":"Accueil","item":"https:\/\/dev.jems-group.com\/"},{"@type":"ListItem","position":2,"name":"Mentions l\u00e9gales"}]},{"@type":"WebSite","@id":"https:\/\/www.jems-group.com\/#website","url":"https:\/\/www.jems-group.com\/","name":"JEMS","description":"We turn data into AI-powered performance","publisher":{"@id":"https:\/\/www.jems-group.com\/#organization"},"potentialAction":[{"@type":"SearchAction","target":{"@type":"EntryPoint","urlTemplate":"https:\/\/www.jems-group.com\/?s={search_term_string}"},"query-input":{"@type":"PropertyValueSpecification","valueRequired":true,"valueName":"search_term_string"}}],"inLanguage":"fr-FR"},{"@type":"Organization","@id":"https:\/\/www.jems-group.com\/#organization","name":"JEMS","url":"https:\/\/www.jems-group.com\/","logo":{"@type":"ImageObject","inLanguage":"fr-FR","@id":"https:\/\/www.jems-group.com\/#\/schema\/logo\/image\/","url":"https:\/\/www.jems-group.com\/wp-content\/uploads\/2025\/12\/Jems-logo-couleur.webp","contentUrl":"https:\/\/www.jems-group.com\/wp-content\/uploads\/2025\/12\/Jems-logo-couleur.webp","width":1600,"height":944,"caption":"JEMS"},"image":{"@id":"https:\/\/www.jems-group.com\/#\/schema\/logo\/image\/"},"sameAs":["https:\/\/www.linkedin.com\/company\/jems-group\/","https:\/\/www.youtube.com\/@jems-group"]}]}},"_links":{"self":[{"href":"https:\/\/www.jems-group.com\/fr\/wp-json\/wp\/v2\/pages\/11922","targetHints":{"allow":["GET"]}}],"collection":[{"href":"https:\/\/www.jems-group.com\/fr\/wp-json\/wp\/v2\/pages"}],"about":[{"href":"https:\/\/www.jems-group.com\/fr\/wp-json\/wp\/v2\/types\/page"}],"author":[{"embeddable":true,"href":"https:\/\/www.jems-group.com\/fr\/wp-json\/wp\/v2\/users\/4"}],"replies":[{"embeddable":true,"href":"https:\/\/www.jems-group.com\/fr\/wp-json\/wp\/v2\/comments?post=11922"}],"version-history":[{"count":0,"href":"https:\/\/www.jems-group.com\/fr\/wp-json\/wp\/v2\/pages\/11922\/revisions"}],"wp:featuredmedia":[{"embeddable":true,"href":"https:\/\/www.jems-group.com\/fr\/wp-json\/wp\/v2\/media\/21"}],"wp:attachment":[{"href":"https:\/\/www.jems-group.com\/fr\/wp-json\/wp\/v2\/media?parent=11922"}],"curies":[{"name":"wp","href":"https:\/\/api.w.org\/{rel}","templated":true}]}}