{"id":12089,"date":"2026-03-06T12:03:33","date_gmt":"2026-03-06T11:03:33","guid":{"rendered":"https:\/\/dev.jems-group.com\/?page_id=12089"},"modified":"2026-04-22T10:49:11","modified_gmt":"2026-04-22T08:49:11","slug":"pilier-societal","status":"publish","type":"page","link":"https:\/\/www.jems-group.com\/fr\/rse\/pilier-societal\/","title":{"rendered":"Pilier soci\u00e9tal"},"content":{"rendered":"\t\t<div data-elementor-type=\"wp-page\" data-elementor-id=\"12089\" class=\"elementor elementor-12089\" data-elementor-post-type=\"page\">\n\t\t\t\t<div class=\"elementor-element elementor-element-1bc13b4 e-flex e-con-boxed e-con e-parent\" data-id=\"1bc13b4\" data-element_type=\"container\" data-e-type=\"container\" data-settings=\"{&quot;background_background&quot;:&quot;classic&quot;}\">\n\t\t\t\t\t<div class=\"e-con-inner\">\n\t\t<div class=\"elementor-element elementor-element-243bd42 e-con-full e-flex e-con e-child\" data-id=\"243bd42\" data-element_type=\"container\" data-e-type=\"container\">\n\t\t\t\t<div class=\"elementor-element elementor-element-1ff96e3 elementor-widget elementor-widget-global elementor-global-12335 elementor-widget-breadcrumbs\" data-id=\"1ff96e3\" data-element_type=\"widget\" data-e-type=\"widget\" data-widget_type=\"breadcrumbs.default\">\n\t\t\t\t\t<p id=\"breadcrumbs\"><span><span><a href=\"https:\/\/www.jems-group.com\/\">Accueil<\/a><\/span><\/span><\/p>\t\t\t\t<\/div>\n\t\t\t\t<div class=\"elementor-element elementor-element-157f2e1 elementor-widget elementor-widget-heading\" data-id=\"157f2e1\" data-element_type=\"widget\" data-e-type=\"widget\" data-no-translation=\"\" data-widget_type=\"heading.default\">\n\t\t\t\t\t<h1 class=\"elementor-heading-title elementor-size-default\">Pilier <span class=\"mon-degrade\">soci\u00e9tal<\/span><\/h1>\t\t\t\t<\/div>\n\t\t\t\t<div class=\"elementor-element elementor-element-bbf72fc elementor-widget elementor-widget-heading\" data-id=\"bbf72fc\" data-element_type=\"widget\" data-e-type=\"widget\" data-no-translation=\"\" data-widget_type=\"heading.default\">\n\t\t\t\t\t<style>.elementor-element-bbf72fc{display:none !important}<\/style>\t\t\t\t<\/div>\n\t\t\t\t<div class=\"elementor-element elementor-element-dc962f9 elementor-widget elementor-widget-text-editor\" data-id=\"dc962f9\" data-element_type=\"widget\" data-e-type=\"widget\" data-widget_type=\"text-editor.default\">\n\t\t\t\t\t\t\t\t\t<div class=\"bg-beige pb-70\"><div class=\"container-lg max-1100\"><div class=\"content-after-intro\"><div class=\"bg-beige pb-70\"><div class=\"container-lg max-1100\"><div class=\"content-after-intro\"><p>Le pilier soci\u00e9tal de la RSE chez JEMS consiste \u00e0 engager les collaborateurs en faveur de la soci\u00e9t\u00e9 et les parties prenantes (associations, institutions, \u00e9coles) en participant \u00e0 des\u00a0<strong>projets associatifs \u00e0 impact<\/strong>. Toutes les missions r\u00e9alis\u00e9es par nos collaborateurs sont align\u00e9es avec les\u00a0<strong>4 valeurs de JEMS<\/strong>\u00a0: l\u2019engagement, l\u2019agilit\u00e9, l\u2019audace et la diversit\u00e9.JEMS s\u2019engage dans une d\u00e9marche durable, transparente et \u00e9thique \u00e0 travers le respect de l\u2019ensemble des r\u00e9glementations.<\/p><\/div><\/div><\/div><div class=\"content-global-layout\"><div class=\"container-lg\"><div class=\"row-center d-sm-flex flex-sm-column-reverse flex-md-row gap-24 mobile-reverse\"><div class=\"cw-50 content-text\"><div class=\"c-w\">\u00a0<\/div><\/div><\/div><\/div><\/div><\/div><\/div><\/div>\t\t\t\t\t\t\t\t<\/div>\n\t\t\t\t<\/div>\n\t\t\t\t\t<\/div>\n\t\t\t\t<\/div>\n\t\t<div class=\"elementor-element elementor-element-ebb1d0f e-flex e-con-boxed e-con e-parent\" data-id=\"ebb1d0f\" data-element_type=\"container\" data-e-type=\"container\">\n\t\t\t\t\t<div class=\"e-con-inner\">\n\t\t<div class=\"elementor-element elementor-element-6823b70 e-con-full e-flex e-con e-child\" data-id=\"6823b70\" data-element_type=\"container\" data-e-type=\"container\">\n\t\t<div class=\"elementor-element elementor-element-8e481b9 e-con-full e-flex e-con e-child\" data-id=\"8e481b9\" data-element_type=\"container\" data-e-type=\"container\">\n\t\t\t\t<div class=\"elementor-element elementor-element-9aa646d elementor-widget elementor-widget-heading\" data-id=\"9aa646d\" data-element_type=\"widget\" data-e-type=\"widget\" data-widget_type=\"heading.default\">\n\t\t\t\t\t<h2 class=\"elementor-heading-title elementor-size-default\">I. L\u2019engagement solidaire de nos collaborateurs\/trices chez JEMS <\/h2>\t\t\t\t<\/div>\n\t\t\t\t<div class=\"elementor-element elementor-element-3c82e66 elementor-widget elementor-widget-text-editor\" data-id=\"3c82e66\" data-element_type=\"widget\" data-e-type=\"widget\" data-widget_type=\"text-editor.default\">\n\t\t\t\t\t\t\t\t\t<p>JEMS a rejoint la\u00a0<a href=\"https:\/\/www.vendredi.cc\/\" target=\"_blank\" rel=\"noopener\">plateforme Vendredi<\/a>\u00a0depuis 2022. Vendredi nous permet de faciliter l\u2019engagement de nos collaborateurs\/trices dans leurs\u00a0<strong>actions de b\u00e9n\u00e9volat et de solidarit\u00e9.<\/strong>\u00a0Elle nous offre un moyen de coordonner et suivre les initiatives sociales et environnementales de nos employ\u00e9s, tout en favorisant un\u00a0<strong>impact positif dans la soci\u00e9t\u00e9<\/strong>. Les missions peuvent \u00eatre r\u00e9alis\u00e9es sur le temps personnel ou professionnel des collaborateurs \u00e0 raison de\u00a0<strong>deux jours par collaborateurs\/trices par an<\/strong>.<\/p><p>Au total, pr\u00e8s de\u00a0<strong>1000 jours par an sont accord\u00e9s par JEMS pour l\u2019engagement soci\u00e9tal<\/strong>. Les collaborateurs ont \u00e9galement la possibilit\u00e9 d\u2019engager les associations auxquelles ils sont d\u00e9j\u00e0 b\u00e9n\u00e9voles ou m\u00eame de cr\u00e9er des missions sp\u00e9ciales pour les collaborateurs de JEMS.<\/p>\t\t\t\t\t\t\t\t<\/div>\n\t\t\t\t<\/div>\n\t\t<div class=\"elementor-element elementor-element-4cbb65d e-con-full e-flex e-con e-child\" data-id=\"4cbb65d\" data-element_type=\"container\" data-e-type=\"container\">\n\t\t\t\t<div class=\"elementor-element elementor-element-2ee47eb elementor-widget elementor-widget-image\" data-id=\"2ee47eb\" data-element_type=\"widget\" data-e-type=\"widget\" data-widget_type=\"image.default\">\n\t\t\t\t\t\t\t\t\t\t\t\t\t\t\t<img fetchpriority=\"high\" decoding=\"async\" width=\"595\" height=\"419\" src=\"https:\/\/www.jems-group.com\/wp-content\/uploads\/2026\/03\/rse-societal-jems.webp\" class=\"attachment-large size-large wp-image-12701\" alt=\"RSE societale JEMS\" srcset=\"https:\/\/www.jems-group.com\/wp-content\/uploads\/2026\/03\/rse-societal-jems.webp 595w, https:\/\/www.jems-group.com\/wp-content\/uploads\/2026\/03\/rse-societal-jems-300x211.webp 300w, https:\/\/www.jems-group.com\/wp-content\/uploads\/2026\/03\/rse-societal-jems-18x12.jpg 18w\" sizes=\"(max-width: 595px) 100vw, 595px\" \/>\t\t\t\t\t\t\t\t\t\t\t\t\t\t\t<\/div>\n\t\t\t\t<\/div>\n\t\t\t\t<\/div>\n\t\t<div class=\"elementor-element elementor-element-a0dfc37 e-con-full e-flex e-con e-child\" data-id=\"a0dfc37\" data-element_type=\"container\" data-e-type=\"container\">\n\t\t<div class=\"elementor-element elementor-element-09a3213 e-con-full e-flex e-con e-child\" data-id=\"09a3213\" data-element_type=\"container\" data-e-type=\"container\">\n\t\t\t\t<div class=\"elementor-element elementor-element-06eda8b elementor-widget elementor-widget-image\" data-id=\"06eda8b\" data-element_type=\"widget\" data-e-type=\"widget\" data-widget_type=\"image.default\">\n\t\t\t\t\t\t\t\t\t\t\t\t\t\t\t<img decoding=\"async\" width=\"636\" height=\"419\" src=\"https:\/\/www.jems-group.com\/wp-content\/uploads\/2026\/03\/rse-ambassadeurs-jems.webp\" class=\"attachment-large size-large wp-image-12700\" alt=\"Ambassadeurs RSE JEMS\" srcset=\"https:\/\/www.jems-group.com\/wp-content\/uploads\/2026\/03\/rse-ambassadeurs-jems.webp 636w, https:\/\/www.jems-group.com\/wp-content\/uploads\/2026\/03\/rse-ambassadeurs-jems-300x198.webp 300w, https:\/\/www.jems-group.com\/wp-content\/uploads\/2026\/03\/rse-ambassadeurs-jems-18x12.jpg 18w\" sizes=\"(max-width: 636px) 100vw, 636px\" \/>\t\t\t\t\t\t\t\t\t\t\t\t\t\t\t<\/div>\n\t\t\t\t<\/div>\n\t\t<div class=\"elementor-element elementor-element-13d125a e-con-full e-flex e-con e-child\" data-id=\"13d125a\" data-element_type=\"container\" data-e-type=\"container\">\n\t\t\t\t<div class=\"elementor-element elementor-element-6f56a4a elementor-widget elementor-widget-heading\" data-id=\"6f56a4a\" data-element_type=\"widget\" data-e-type=\"widget\" data-widget_type=\"heading.default\">\n\t\t\t\t\t<h2 class=\"elementor-heading-title elementor-size-default\">II. Ambassadeurs RSE chez JEMS  <\/h2>\t\t\t\t<\/div>\n\t\t\t\t<div class=\"elementor-element elementor-element-79025f8 elementor-widget elementor-widget-text-editor\" data-id=\"79025f8\" data-element_type=\"widget\" data-e-type=\"widget\" data-widget_type=\"text-editor.default\">\n\t\t\t\t\t\t\t\t\t<p>Le r\u00e9seau des\u00a0<strong>ambassadeurs RSE chez JEMS<\/strong>\u00a0constitue un maillon essentiel de notre strat\u00e9gie de Responsabilit\u00e9 Soci\u00e9tale des Entreprises. Volontaires, b\u00e9n\u00e9voles et r\u00e9partis sur l\u2019ensemble de nos agences, ils sont les relais de nos actions RSE. <br \/><br \/>Ils jouent un r\u00f4le cl\u00e9 en repr\u00e9sentant JEMS lors d\u2019\u00e9v\u00e9nements importants tels qu\u2019aux sujet de la promotion de la diversit\u00e9 et \u00e9galit\u00e9 des chances tout en s\u2019assurant de la mise en \u0153uvre de nos initiatives autour des\u00a0<strong>4 piliers fondamentaux de notre RSE<\/strong>\u00a0: le social, le soci\u00e9tal et l\u2019environnemental, gouvernance. Ils renforcent notre ancrage local et contribuent activement \u00e0 la r\u00e9alisation de nos objectifs et au rayonnement de notre politique RSE.<\/p>\t\t\t\t\t\t\t\t<\/div>\n\t\t\t\t<\/div>\n\t\t\t\t<\/div>\n\t\t\t\t\t<\/div>\n\t\t\t\t<\/div>\n\t\t\t\t<\/div>\n\t\t","protected":false},"excerpt":{"rendered":"<p>Le pilier soci\u00e9tal de la RSE chez JEMS consiste \u00e0 engager les collaborateurs en faveur de la soci\u00e9t\u00e9 et les parties prenantes (associations, institutions, \u00e9coles) en participant \u00e0 des\u00a0projets associatifs \u00e0 impact. Toutes les missions r\u00e9alis\u00e9es par nos collaborateurs sont align\u00e9es avec les\u00a04 valeurs de JEMS<\/p>\n","protected":false},"author":4,"featured_media":0,"parent":12002,"menu_order":0,"comment_status":"closed","ping_status":"closed","template":"","meta":{"content-type":"","footnotes":""},"class_list":["post-12089","page","type-page","status-publish","hentry"],"yoast_head":"<!-- This site is optimized with the Yoast SEO plugin v27.5 - https:\/\/yoast.com\/product\/yoast-seo-wordpress\/ -->\n<title>Pilier soci\u00e9tal<\/title>\n<meta name=\"description\" content=\"D\u00e9couvrez l&#039;engagement soci\u00e9tal de JEMS : projets associatifs \u00e0 impact, partenariats avec les \u00e9coles et implication de nos collaborateurs.\" \/>\n<meta name=\"robots\" content=\"index, follow, max-snippet:-1, max-image-preview:large, max-video-preview:-1\" \/>\n<link rel=\"canonical\" href=\"https:\/\/www.jems-group.com\/fr\/rse\/pilier-societal\/\" \/>\n<meta property=\"og:locale\" content=\"fr_FR\" \/>\n<meta property=\"og:type\" content=\"article\" \/>\n<meta property=\"og:title\" content=\"Pilier soci\u00e9tal\" \/>\n<meta property=\"og:description\" content=\"D\u00e9couvrez l&#039;engagement soci\u00e9tal de JEMS : projets associatifs \u00e0 impact, partenariats avec les \u00e9coles et implication de nos collaborateurs.\" \/>\n<meta property=\"og:url\" content=\"https:\/\/www.jems-group.com\/fr\/rse\/pilier-societal\/\" \/>\n<meta property=\"og:site_name\" content=\"JEMS\" \/>\n<meta property=\"article:modified_time\" content=\"2026-04-22T08:49:11+00:00\" \/>\n<meta property=\"og:image\" content=\"https:\/\/dev.jems-group.com\/wp-content\/uploads\/2026\/03\/rse-societal-jems.webp\" \/>\n<meta name=\"twitter:card\" content=\"summary_large_image\" \/>\n<meta name=\"twitter:label1\" content=\"Dur\u00e9e de lecture estim\u00e9e\" \/>\n\t<meta name=\"twitter:data1\" content=\"2 minutes\" \/>\n<script type=\"application\/ld+json\" class=\"yoast-schema-graph\">{\"@context\":\"https:\\\/\\\/schema.org\",\"@graph\":[{\"@type\":\"WebPage\",\"@id\":\"https:\\\/\\\/www.jems-group.com\\\/rse\\\/pilier-societal\\\/\",\"url\":\"https:\\\/\\\/www.jems-group.com\\\/rse\\\/pilier-societal\\\/\",\"name\":\"Pilier soci\u00e9tal\",\"isPartOf\":{\"@id\":\"https:\\\/\\\/www.jems-group.com\\\/fr\\\/#website\"},\"primaryImageOfPage\":{\"@id\":\"https:\\\/\\\/www.jems-group.com\\\/rse\\\/pilier-societal\\\/#primaryimage\"},\"image\":{\"@id\":\"https:\\\/\\\/www.jems-group.com\\\/rse\\\/pilier-societal\\\/#primaryimage\"},\"thumbnailUrl\":\"https:\\\/\\\/dev.jems-group.com\\\/wp-content\\\/uploads\\\/2026\\\/03\\\/rse-societal-jems.webp\",\"datePublished\":\"2026-03-06T11:03:33+00:00\",\"dateModified\":\"2026-04-22T08:49:11+00:00\",\"description\":\"D\u00e9couvrez l'engagement soci\u00e9tal de JEMS : projets associatifs \u00e0 impact, partenariats avec les \u00e9coles et implication de nos collaborateurs.\",\"breadcrumb\":{\"@id\":\"https:\\\/\\\/www.jems-group.com\\\/rse\\\/pilier-societal\\\/#breadcrumb\"},\"inLanguage\":\"fr-FR\",\"potentialAction\":[{\"@type\":\"ReadAction\",\"target\":[\"https:\\\/\\\/www.jems-group.com\\\/rse\\\/pilier-societal\\\/\"]}]},{\"@type\":\"ImageObject\",\"inLanguage\":\"fr-FR\",\"@id\":\"https:\\\/\\\/www.jems-group.com\\\/rse\\\/pilier-societal\\\/#primaryimage\",\"url\":\"https:\\\/\\\/dev.jems-group.com\\\/wp-content\\\/uploads\\\/2026\\\/03\\\/rse-societal-jems.webp\",\"contentUrl\":\"https:\\\/\\\/dev.jems-group.com\\\/wp-content\\\/uploads\\\/2026\\\/03\\\/rse-societal-jems.webp\"},{\"@type\":\"BreadcrumbList\",\"@id\":\"https:\\\/\\\/www.jems-group.com\\\/rse\\\/pilier-societal\\\/#breadcrumb\",\"itemListElement\":[{\"@type\":\"ListItem\",\"position\":1,\"name\":\"Accueil\",\"item\":\"https:\\\/\\\/www.jems-group.com\\\/\"},{\"@type\":\"ListItem\",\"position\":2,\"name\":\"RSE &amp; Num\u00e9rique Responsable\",\"item\":\"https:\\\/\\\/www.jems-group.com\\\/rse\\\/\"},{\"@type\":\"ListItem\",\"position\":3,\"name\":\"Pilier soci\u00e9tal\"}]},{\"@type\":\"WebSite\",\"@id\":\"https:\\\/\\\/www.jems-group.com\\\/fr\\\/#website\",\"url\":\"https:\\\/\\\/www.jems-group.com\\\/fr\\\/\",\"name\":\"JEMS\",\"description\":\"The Data-AI orchestration company for profitable industry\",\"publisher\":{\"@id\":\"https:\\\/\\\/www.jems-group.com\\\/fr\\\/#organization\"},\"potentialAction\":[{\"@type\":\"SearchAction\",\"target\":{\"@type\":\"EntryPoint\",\"urlTemplate\":\"https:\\\/\\\/www.jems-group.com\\\/fr\\\/?s={search_term_string}\"},\"query-input\":{\"@type\":\"PropertyValueSpecification\",\"valueRequired\":true,\"valueName\":\"search_term_string\"}}],\"inLanguage\":\"fr-FR\"},{\"@type\":\"Organization\",\"@id\":\"https:\\\/\\\/www.jems-group.com\\\/fr\\\/#organization\",\"name\":\"JEMS\",\"url\":\"https:\\\/\\\/www.jems-group.com\\\/fr\\\/\",\"logo\":{\"@type\":\"ImageObject\",\"inLanguage\":\"fr-FR\",\"@id\":\"https:\\\/\\\/www.jems-group.com\\\/fr\\\/#\\\/schema\\\/logo\\\/image\\\/\",\"url\":\"https:\\\/\\\/www.jems-group.com\\\/wp-content\\\/uploads\\\/2025\\\/12\\\/Jems-logo-couleur.webp\",\"contentUrl\":\"https:\\\/\\\/www.jems-group.com\\\/wp-content\\\/uploads\\\/2025\\\/12\\\/Jems-logo-couleur.webp\",\"width\":1600,\"height\":944,\"caption\":\"JEMS\"},\"image\":{\"@id\":\"https:\\\/\\\/www.jems-group.com\\\/fr\\\/#\\\/schema\\\/logo\\\/image\\\/\"},\"sameAs\":[\"https:\\\/\\\/www.linkedin.com\\\/company\\\/jems-group\\\/\",\"https:\\\/\\\/www.youtube.com\\\/@jems-group\"]}]}<\/script>\n<!-- \/ Yoast SEO plugin. -->","yoast_head_json":{"title":"Pilier soci\u00e9tal","description":"D\u00e9couvrez l'engagement soci\u00e9tal de JEMS : projets associatifs \u00e0 impact, partenariats avec les \u00e9coles et implication de nos collaborateurs.","robots":{"index":"index","follow":"follow","max-snippet":"max-snippet:-1","max-image-preview":"max-image-preview:large","max-video-preview":"max-video-preview:-1"},"canonical":"https:\/\/www.jems-group.com\/fr\/rse\/pilier-societal\/","og_locale":"fr_FR","og_type":"article","og_title":"Pilier soci\u00e9tal","og_description":"D\u00e9couvrez l'engagement soci\u00e9tal de JEMS : projets associatifs \u00e0 impact, partenariats avec les \u00e9coles et implication de nos collaborateurs.","og_url":"https:\/\/www.jems-group.com\/fr\/rse\/pilier-societal\/","og_site_name":"JEMS","article_modified_time":"2026-04-22T08:49:11+00:00","og_image":[{"url":"https:\/\/dev.jems-group.com\/wp-content\/uploads\/2026\/03\/rse-societal-jems.webp","type":"","width":"","height":""}],"twitter_card":"summary_large_image","twitter_misc":{"Dur\u00e9e de lecture estim\u00e9e":"2 minutes"},"schema":{"@context":"https:\/\/schema.org","@graph":[{"@type":"WebPage","@id":"https:\/\/www.jems-group.com\/rse\/pilier-societal\/","url":"https:\/\/www.jems-group.com\/rse\/pilier-societal\/","name":"Pilier soci\u00e9tal","isPartOf":{"@id":"https:\/\/www.jems-group.com\/fr\/#website"},"primaryImageOfPage":{"@id":"https:\/\/www.jems-group.com\/rse\/pilier-societal\/#primaryimage"},"image":{"@id":"https:\/\/www.jems-group.com\/rse\/pilier-societal\/#primaryimage"},"thumbnailUrl":"https:\/\/dev.jems-group.com\/wp-content\/uploads\/2026\/03\/rse-societal-jems.webp","datePublished":"2026-03-06T11:03:33+00:00","dateModified":"2026-04-22T08:49:11+00:00","description":"D\u00e9couvrez l'engagement soci\u00e9tal de JEMS : projets associatifs \u00e0 impact, partenariats avec les \u00e9coles et implication de nos collaborateurs.","breadcrumb":{"@id":"https:\/\/www.jems-group.com\/rse\/pilier-societal\/#breadcrumb"},"inLanguage":"fr-FR","potentialAction":[{"@type":"ReadAction","target":["https:\/\/www.jems-group.com\/rse\/pilier-societal\/"]}]},{"@type":"ImageObject","inLanguage":"fr-FR","@id":"https:\/\/www.jems-group.com\/rse\/pilier-societal\/#primaryimage","url":"https:\/\/dev.jems-group.com\/wp-content\/uploads\/2026\/03\/rse-societal-jems.webp","contentUrl":"https:\/\/dev.jems-group.com\/wp-content\/uploads\/2026\/03\/rse-societal-jems.webp"},{"@type":"BreadcrumbList","@id":"https:\/\/www.jems-group.com\/rse\/pilier-societal\/#breadcrumb","itemListElement":[{"@type":"ListItem","position":1,"name":"Accueil","item":"https:\/\/www.jems-group.com\/"},{"@type":"ListItem","position":2,"name":"RSE &amp; Num\u00e9rique Responsable","item":"https:\/\/www.jems-group.com\/rse\/"},{"@type":"ListItem","position":3,"name":"Pilier soci\u00e9tal"}]},{"@type":"WebSite","@id":"https:\/\/www.jems-group.com\/fr\/#website","url":"https:\/\/www.jems-group.com\/fr\/","name":"JEMS","description":"The Data-AI orchestration company for profitable industry","publisher":{"@id":"https:\/\/www.jems-group.com\/fr\/#organization"},"potentialAction":[{"@type":"SearchAction","target":{"@type":"EntryPoint","urlTemplate":"https:\/\/www.jems-group.com\/fr\/?s={search_term_string}"},"query-input":{"@type":"PropertyValueSpecification","valueRequired":true,"valueName":"search_term_string"}}],"inLanguage":"fr-FR"},{"@type":"Organization","@id":"https:\/\/www.jems-group.com\/fr\/#organization","name":"JEMS","url":"https:\/\/www.jems-group.com\/fr\/","logo":{"@type":"ImageObject","inLanguage":"fr-FR","@id":"https:\/\/www.jems-group.com\/fr\/#\/schema\/logo\/image\/","url":"https:\/\/www.jems-group.com\/wp-content\/uploads\/2025\/12\/Jems-logo-couleur.webp","contentUrl":"https:\/\/www.jems-group.com\/wp-content\/uploads\/2025\/12\/Jems-logo-couleur.webp","width":1600,"height":944,"caption":"JEMS"},"image":{"@id":"https:\/\/www.jems-group.com\/fr\/#\/schema\/logo\/image\/"},"sameAs":["https:\/\/www.linkedin.com\/company\/jems-group\/","https:\/\/www.youtube.com\/@jems-group"]}]}},"_links":{"self":[{"href":"https:\/\/www.jems-group.com\/fr\/wp-json\/wp\/v2\/pages\/12089","targetHints":{"allow":["GET"]}}],"collection":[{"href":"https:\/\/www.jems-group.com\/fr\/wp-json\/wp\/v2\/pages"}],"about":[{"href":"https:\/\/www.jems-group.com\/fr\/wp-json\/wp\/v2\/types\/page"}],"author":[{"embeddable":true,"href":"https:\/\/www.jems-group.com\/fr\/wp-json\/wp\/v2\/users\/4"}],"replies":[{"embeddable":true,"href":"https:\/\/www.jems-group.com\/fr\/wp-json\/wp\/v2\/comments?post=12089"}],"version-history":[{"count":0,"href":"https:\/\/www.jems-group.com\/fr\/wp-json\/wp\/v2\/pages\/12089\/revisions"}],"up":[{"embeddable":true,"href":"https:\/\/www.jems-group.com\/fr\/wp-json\/wp\/v2\/pages\/12002"}],"wp:attachment":[{"href":"https:\/\/www.jems-group.com\/fr\/wp-json\/wp\/v2\/media?parent=12089"}],"curies":[{"name":"wp","href":"https:\/\/api.w.org\/{rel}","templated":true}]}}