{"id":15776,"date":"2026-04-02T10:59:08","date_gmt":"2026-04-02T08:59:08","guid":{"rendered":"https:\/\/dev.jems-group.com\/accessibility-statement\/"},"modified":"2026-04-23T11:55:23","modified_gmt":"2026-04-23T09:55:23","slug":"declaration-daccessibilite","status":"publish","type":"page","link":"https:\/\/www.jems-group.com\/fr\/declaration-daccessibilite\/","title":{"rendered":"D\u00e9claration d&rsquo;accessibilit\u00e9"},"content":{"rendered":"\t\t<div data-elementor-type=\"wp-page\" data-elementor-id=\"15776\" class=\"elementor elementor-15776\" data-elementor-post-type=\"page\">\n\t\t\t\t<div class=\"elementor-element elementor-element-cf9787 e-flex e-con-boxed e-con e-parent\" data-id=\"cf9787\" data-element_type=\"container\" data-e-type=\"container\">\n\t\t\t\t\t<div class=\"e-con-inner\">\n\t\t\t\t<div class=\"elementor-element elementor-element-2e272496 elementor-widget elementor-widget-text-editor\" data-id=\"2e272496\" data-element_type=\"widget\" data-e-type=\"widget\" data-widget_type=\"text-editor.default\">\n\t\t\t\t\t\t\t\t\t<h1 style=\"text-align: center;\">D\u00e9claration d&rsquo;accessibilit\u00e9<\/h1><p><br \/>JEMS s&rsquo;engage \u00e0 garantir l&rsquo;accessibilit\u00e9 num\u00e9rique aux personnes en situation de handicap. Nous am\u00e9liorons en permanence l&rsquo;exp\u00e9rience utilisateur pour tous et appliquons les normes d&rsquo;accessibilit\u00e9 pertinentes.<\/p><h2><br \/>Statut de conformit\u00e9<\/h2><p>Les Directives pour l&rsquo;accessibilit\u00e9 des contenus Web (WCAG) d\u00e9finissent les exigences auxquelles doivent se conformer les concepteurs et les d\u00e9veloppeurs afin d&rsquo;am\u00e9liorer l&rsquo;accessibilit\u00e9 pour les personnes en situation de handicap. Elles d\u00e9finissent trois niveaux de conformit\u00e9 : Niveau A, Niveau AA et Niveau AAA.<\/p><p>JEMS s&rsquo;efforce en permanence d&rsquo;am\u00e9liorer l&rsquo;accessibilit\u00e9 de son site Web et de ses services, convaincu qu&rsquo;il est de notre devoir moral collectif de garantir une utilisation fluide, accessible et sans entrave pour les personnes en situation de handicap.<\/p><p>Nous visons \u00e0 rendre toutes les pages et tous les contenus du site https:\/\/jems-group.com accessibles, mais certains contenus peuvent ne pas encore r\u00e9pondre pleinement aux normes d&rsquo;accessibilit\u00e9 les plus \u00e9lev\u00e9es. Cela peut \u00eatre d\u00fb \u00e0 des difficult\u00e9s pour identifier la solution technologique la plus appropri\u00e9e.<\/p><p>Nous pouvons r\u00e9viser cette d\u00e9claration p\u00e9riodiquement afin de refl\u00e9ter les am\u00e9liorations ou les changements apport\u00e9s \u00e0 nos pratiques en mati\u00e8re d&rsquo;accessibilit\u00e9.<\/p><p><br \/>Nous vous invitons \u00e0 nous faire part de vos commentaires sur l&rsquo;accessibilit\u00e9 du site web JEMS. N&rsquo;h\u00e9sitez pas \u00e0 nous signaler tout obstacle \u00e0 l&rsquo;accessibilit\u00e9 que vous pourriez rencontrer sur notre site web :<\/p><p>E-mail : contact @ jems-group.com<\/p><p>Nous nous effor\u00e7ons de r\u00e9pondre \u00e0 vos commentaires dans un d\u00e9lai de 3 \u00e0 5 jours ouvrables.<\/p><p>Cette d\u00e9claration a \u00e9t\u00e9 r\u00e9dig\u00e9e le 02\/04\/2026.<\/p>\t\t\t\t\t\t\t\t<\/div>\n\t\t\t\t\t<\/div>\n\t\t\t\t<\/div>\n\t\t\t\t<\/div>\n\t\t","protected":false},"excerpt":{"rendered":"<p>D\u00e9claration d&rsquo;accessibilit\u00e9 JEMS s&rsquo;engage \u00e0 garantir l&rsquo;accessibilit\u00e9 num\u00e9rique aux personnes en situation de handicap. Nous am\u00e9liorons en permanence l&rsquo;exp\u00e9rience utilisateur pour tous et appliquons les normes d&rsquo;accessibilit\u00e9 pertinentes. Statut de conformit\u00e9 Les Directives pour l&rsquo;accessibilit\u00e9 des contenus Web (WCAG) d\u00e9finissent les exigences auxquelles doivent se conformer les concepteurs et les d\u00e9veloppeurs afin d&rsquo;am\u00e9liorer l&rsquo;accessibilit\u00e9 pour [&hellip;]<\/p>\n","protected":false},"author":4,"featured_media":0,"parent":0,"menu_order":0,"comment_status":"closed","ping_status":"closed","template":"","meta":{"content-type":"","footnotes":""},"class_list":["post-15776","page","type-page","status-publish","hentry"],"yoast_head":"<!-- This site is optimized with the Yoast SEO plugin v27.5 - https:\/\/yoast.com\/product\/yoast-seo-wordpress\/ -->\n<title>D\u00e9claration d&#039;accessibilit\u00e9 - JEMS<\/title>\n<meta name=\"description\" content=\"JEMS s&#039;engage \u00e0 garantir l&#039;accessibilit\u00e9 num\u00e9rique. Nous am\u00e9liorons en permanence l&#039;exp\u00e9rience utilisateur les normes d&#039;accessibilit\u00e9.\" \/>\n<meta name=\"robots\" content=\"index, follow, max-snippet:-1, max-image-preview:large, max-video-preview:-1\" \/>\n<link rel=\"canonical\" href=\"https:\/\/dev.jems-group.com\/declaration-daccessibilite\/\" \/>\n<meta property=\"og:locale\" content=\"fr_FR\" \/>\n<meta property=\"og:type\" content=\"article\" \/>\n<meta property=\"og:title\" content=\"D\u00e9claration d&#039;accessibilit\u00e9 - JEMS\" \/>\n<meta property=\"og:description\" content=\"JEMS s&#039;engage \u00e0 garantir l&#039;accessibilit\u00e9 num\u00e9rique. Nous am\u00e9liorons en permanence l&#039;exp\u00e9rience utilisateur les normes d&#039;accessibilit\u00e9.\" \/>\n<meta property=\"og:url\" content=\"https:\/\/dev.jems-group.com\/declaration-daccessibilite\/\" \/>\n<meta property=\"og:site_name\" content=\"JEMS\" \/>\n<meta property=\"article:modified_time\" content=\"2026-04-23T09:55:23+00:00\" \/>\n<meta name=\"twitter:card\" content=\"summary_large_image\" \/>\n<meta name=\"twitter:label1\" content=\"Dur\u00e9e de lecture estim\u00e9e\" \/>\n\t<meta name=\"twitter:data1\" content=\"2 minutes\" \/>\n<script type=\"application\/ld+json\" class=\"yoast-schema-graph\">{\"@context\":\"https:\\\/\\\/schema.org\",\"@graph\":[{\"@type\":\"WebPage\",\"@id\":\"https:\\\/\\\/dev.jems-group.com\\\/declaration-daccessibilite\\\/\",\"url\":\"https:\\\/\\\/dev.jems-group.com\\\/declaration-daccessibilite\\\/\",\"name\":\"D\u00e9claration d'accessibilit\u00e9 - JEMS\",\"isPartOf\":{\"@id\":\"https:\\\/\\\/www.jems-group.com\\\/#website\"},\"datePublished\":\"2026-04-02T08:59:08+00:00\",\"dateModified\":\"2026-04-23T09:55:23+00:00\",\"description\":\"JEMS s'engage \u00e0 garantir l'accessibilit\u00e9 num\u00e9rique. Nous am\u00e9liorons en permanence l'exp\u00e9rience utilisateur les normes d'accessibilit\u00e9.\",\"breadcrumb\":{\"@id\":\"https:\\\/\\\/dev.jems-group.com\\\/declaration-daccessibilite\\\/#breadcrumb\"},\"inLanguage\":\"fr-FR\",\"potentialAction\":[{\"@type\":\"ReadAction\",\"target\":[\"https:\\\/\\\/dev.jems-group.com\\\/declaration-daccessibilite\\\/\"]}]},{\"@type\":\"BreadcrumbList\",\"@id\":\"https:\\\/\\\/dev.jems-group.com\\\/declaration-daccessibilite\\\/#breadcrumb\",\"itemListElement\":[{\"@type\":\"ListItem\",\"position\":1,\"name\":\"Accueil\",\"item\":\"https:\\\/\\\/dev.jems-group.com\\\/\"},{\"@type\":\"ListItem\",\"position\":2,\"name\":\"D\u00e9claration d&rsquo;accessibilit\u00e9\"}]},{\"@type\":\"WebSite\",\"@id\":\"https:\\\/\\\/www.jems-group.com\\\/#website\",\"url\":\"https:\\\/\\\/www.jems-group.com\\\/\",\"name\":\"JEMS\",\"description\":\"We turn data into AI-powered performance\",\"publisher\":{\"@id\":\"https:\\\/\\\/www.jems-group.com\\\/#organization\"},\"potentialAction\":[{\"@type\":\"SearchAction\",\"target\":{\"@type\":\"EntryPoint\",\"urlTemplate\":\"https:\\\/\\\/www.jems-group.com\\\/?s={search_term_string}\"},\"query-input\":{\"@type\":\"PropertyValueSpecification\",\"valueRequired\":true,\"valueName\":\"search_term_string\"}}],\"inLanguage\":\"fr-FR\"},{\"@type\":\"Organization\",\"@id\":\"https:\\\/\\\/www.jems-group.com\\\/#organization\",\"name\":\"JEMS\",\"url\":\"https:\\\/\\\/www.jems-group.com\\\/\",\"logo\":{\"@type\":\"ImageObject\",\"inLanguage\":\"fr-FR\",\"@id\":\"https:\\\/\\\/www.jems-group.com\\\/#\\\/schema\\\/logo\\\/image\\\/\",\"url\":\"https:\\\/\\\/www.jems-group.com\\\/wp-content\\\/uploads\\\/2025\\\/12\\\/Jems-logo-couleur.webp\",\"contentUrl\":\"https:\\\/\\\/www.jems-group.com\\\/wp-content\\\/uploads\\\/2025\\\/12\\\/Jems-logo-couleur.webp\",\"width\":1600,\"height\":944,\"caption\":\"JEMS\"},\"image\":{\"@id\":\"https:\\\/\\\/www.jems-group.com\\\/#\\\/schema\\\/logo\\\/image\\\/\"},\"sameAs\":[\"https:\\\/\\\/www.linkedin.com\\\/company\\\/jems-group\\\/\",\"https:\\\/\\\/www.youtube.com\\\/@jems-group\"]}]}<\/script>\n<!-- \/ Yoast SEO plugin. -->","yoast_head_json":{"title":"D\u00e9claration d'accessibilit\u00e9 - JEMS","description":"JEMS s'engage \u00e0 garantir l'accessibilit\u00e9 num\u00e9rique. Nous am\u00e9liorons en permanence l'exp\u00e9rience utilisateur les normes d'accessibilit\u00e9.","robots":{"index":"index","follow":"follow","max-snippet":"max-snippet:-1","max-image-preview":"max-image-preview:large","max-video-preview":"max-video-preview:-1"},"canonical":"https:\/\/dev.jems-group.com\/declaration-daccessibilite\/","og_locale":"fr_FR","og_type":"article","og_title":"D\u00e9claration d'accessibilit\u00e9 - JEMS","og_description":"JEMS s'engage \u00e0 garantir l'accessibilit\u00e9 num\u00e9rique. Nous am\u00e9liorons en permanence l'exp\u00e9rience utilisateur les normes d'accessibilit\u00e9.","og_url":"https:\/\/dev.jems-group.com\/declaration-daccessibilite\/","og_site_name":"JEMS","article_modified_time":"2026-04-23T09:55:23+00:00","twitter_card":"summary_large_image","twitter_misc":{"Dur\u00e9e de lecture estim\u00e9e":"2 minutes"},"schema":{"@context":"https:\/\/schema.org","@graph":[{"@type":"WebPage","@id":"https:\/\/dev.jems-group.com\/declaration-daccessibilite\/","url":"https:\/\/dev.jems-group.com\/declaration-daccessibilite\/","name":"D\u00e9claration d'accessibilit\u00e9 - JEMS","isPartOf":{"@id":"https:\/\/www.jems-group.com\/#website"},"datePublished":"2026-04-02T08:59:08+00:00","dateModified":"2026-04-23T09:55:23+00:00","description":"JEMS s'engage \u00e0 garantir l'accessibilit\u00e9 num\u00e9rique. Nous am\u00e9liorons en permanence l'exp\u00e9rience utilisateur les normes d'accessibilit\u00e9.","breadcrumb":{"@id":"https:\/\/dev.jems-group.com\/declaration-daccessibilite\/#breadcrumb"},"inLanguage":"fr-FR","potentialAction":[{"@type":"ReadAction","target":["https:\/\/dev.jems-group.com\/declaration-daccessibilite\/"]}]},{"@type":"BreadcrumbList","@id":"https:\/\/dev.jems-group.com\/declaration-daccessibilite\/#breadcrumb","itemListElement":[{"@type":"ListItem","position":1,"name":"Accueil","item":"https:\/\/dev.jems-group.com\/"},{"@type":"ListItem","position":2,"name":"D\u00e9claration d&rsquo;accessibilit\u00e9"}]},{"@type":"WebSite","@id":"https:\/\/www.jems-group.com\/#website","url":"https:\/\/www.jems-group.com\/","name":"JEMS","description":"We turn data into AI-powered performance","publisher":{"@id":"https:\/\/www.jems-group.com\/#organization"},"potentialAction":[{"@type":"SearchAction","target":{"@type":"EntryPoint","urlTemplate":"https:\/\/www.jems-group.com\/?s={search_term_string}"},"query-input":{"@type":"PropertyValueSpecification","valueRequired":true,"valueName":"search_term_string"}}],"inLanguage":"fr-FR"},{"@type":"Organization","@id":"https:\/\/www.jems-group.com\/#organization","name":"JEMS","url":"https:\/\/www.jems-group.com\/","logo":{"@type":"ImageObject","inLanguage":"fr-FR","@id":"https:\/\/www.jems-group.com\/#\/schema\/logo\/image\/","url":"https:\/\/www.jems-group.com\/wp-content\/uploads\/2025\/12\/Jems-logo-couleur.webp","contentUrl":"https:\/\/www.jems-group.com\/wp-content\/uploads\/2025\/12\/Jems-logo-couleur.webp","width":1600,"height":944,"caption":"JEMS"},"image":{"@id":"https:\/\/www.jems-group.com\/#\/schema\/logo\/image\/"},"sameAs":["https:\/\/www.linkedin.com\/company\/jems-group\/","https:\/\/www.youtube.com\/@jems-group"]}]}},"_links":{"self":[{"href":"https:\/\/www.jems-group.com\/fr\/wp-json\/wp\/v2\/pages\/15776","targetHints":{"allow":["GET"]}}],"collection":[{"href":"https:\/\/www.jems-group.com\/fr\/wp-json\/wp\/v2\/pages"}],"about":[{"href":"https:\/\/www.jems-group.com\/fr\/wp-json\/wp\/v2\/types\/page"}],"author":[{"embeddable":true,"href":"https:\/\/www.jems-group.com\/fr\/wp-json\/wp\/v2\/users\/4"}],"replies":[{"embeddable":true,"href":"https:\/\/www.jems-group.com\/fr\/wp-json\/wp\/v2\/comments?post=15776"}],"version-history":[{"count":0,"href":"https:\/\/www.jems-group.com\/fr\/wp-json\/wp\/v2\/pages\/15776\/revisions"}],"wp:attachment":[{"href":"https:\/\/www.jems-group.com\/fr\/wp-json\/wp\/v2\/media?parent=15776"}],"curies":[{"name":"wp","href":"https:\/\/api.w.org\/{rel}","templated":true}]}}