{"id":3,"date":"2025-12-04T09:57:07","date_gmt":"2025-12-04T08:57:07","guid":{"rendered":"https:\/\/dev.jems-group.com\/?page_id=3"},"modified":"2026-04-22T10:56:10","modified_gmt":"2026-04-22T08:56:10","slug":"politique-de-confidentialite","status":"publish","type":"page","link":"https:\/\/www.jems-group.com\/fr\/politique-de-confidentialite\/","title":{"rendered":"Politique de confidentialit\u00e9"},"content":{"rendered":"\t\t<div data-elementor-type=\"wp-page\" data-elementor-id=\"3\" class=\"elementor elementor-3\" data-elementor-post-type=\"page\">\n\t\t\t\t<div class=\"elementor-element elementor-element-355a89ef e-flex e-con-boxed e-con e-parent\" data-id=\"355a89ef\" data-element_type=\"container\" data-e-type=\"container\">\n\t\t\t\t\t<div class=\"e-con-inner\">\n\t\t\t\t<div class=\"elementor-element elementor-element-3010c9c elementor-widget elementor-widget-global elementor-global-11934 elementor-widget-breadcrumbs\" data-id=\"3010c9c\" data-element_type=\"widget\" data-e-type=\"widget\" data-widget_type=\"breadcrumbs.default\">\n\t\t\t\t\t<p id=\"breadcrumbs\"><span><span><a href=\"https:\/\/dev.jems-group.com\/\">Accueil<\/a><\/span><\/span><\/p>\t\t\t\t<\/div>\n\t\t\t\t<div class=\"elementor-element elementor-element-1a3f0c86 elementor-widget elementor-widget-text-editor\" data-id=\"1a3f0c86\" data-element_type=\"widget\" data-e-type=\"widget\" data-widget_type=\"text-editor.default\">\n\t\t\t\t\t\t\t\t\t\n<div class=\"content-page typo\">\n<h1 class=\"inter-title left wp-block-heading\">Politique de confidentiali\u00e9<\/h1>\n<p>La pr\u00e9sente politique de protection des donn\u00e9es personnelles vise \u00e0 vous fournir toutes les informations n\u00e9cessaires \u00e0 la compr\u00e9hension des traitements que nous r\u00e9alisons sur vos donn\u00e9es depuis le site internet de JEMS. De mani\u00e8re g\u00e9n\u00e9rale, vous pouvez visiter notre site Internet sans fournir d\u2019informations personnelles directement identifiantes vous concernant. Pour toute information sur la protection des donn\u00e9es personnelles, vous pouvez \u00e9galement consulter le site de la CNIL :\u00a0<a href=\"https:\/\/www.cnil.fr\/\" target=\"_blank\" rel=\"noopener\"><strong>www.cnil.fr<\/strong>.<\/a><\/p>\n<p>\u00a0<\/p>\n<\/div>\n<div class=\"content-page begin\">\n<h2 class=\"inter-title left\">1\/\u00a0Qui est le responsable de traitement de vos donn\u00e9es ?<\/h2>\n<div class=\"content-text\">\n<p>Au sens du r\u00e8glement g\u00e9n\u00e9ral sur la protection des donn\u00e9es, le responsable de traitement est JEMS (389 309 360 R.C.S. NANTERRE), 9 place Marie-Jeanne Bassot, 92300 Levallois-Perret, France, ci-apr\u00e8s \u00ab nous \u00bb, \u00ab notre \u00bb, \u00ab nos \u00bb, \u00ab son \u00bb, \u00ab ses \u00bb ou \u00ab JEMS \u00bb. Les coordonn\u00e9es de son d\u00e9l\u00e9gu\u00e9 son\u00a0<strong>dpo@jems-group.com<\/strong><\/p>\n<p>\u00a0<\/p>\n<\/div>\n<\/div>\n<div class=\"content-page begin\">\n<h2 class=\"inter-title left\">2\/\u00a0Pourquoi vos donn\u00e9es personnelles sont-elles utilis\u00e9es et sur quel fondement ?<\/h2>\n<div class=\"content-text\">\n<p>JEMS est amen\u00e9 \u00e0 traiter de vos donn\u00e9es personnelles d\u00e8s lors que vous entrez en contact avec nos services, par email, par t\u00e9l\u00e9phone ou par tout autre moyen de communication. Vous trouverez ci-dessous les raisons pour lesquelles nous traitons vos donn\u00e9es.<\/p>\n<ul>\n<li><strong>La gestion de vos dossiers de candidature<\/strong>\u00a0dans le cadre des proc\u00e9dures de recrutement. Ce traitement est n\u00e9cessaire aux int\u00e9r\u00eats l\u00e9gitimes de\u00a0<strong>JEMS<\/strong>\u00a0de disposer de ressources humaines suppl\u00e9mentaires. Votre consentement peut \u00eatre demand\u00e9 afin que\u00a0<strong>JEMS<\/strong>\u00a0conserve votre dossier pour vous proposer des offres pouvant correspondre \u00e0 votre profil.<\/li>\n<li><strong>La gestion commerciale<\/strong>\u00a0notamment afin de (1) proc\u00e9der \u00e0 la s\u00e9lection des prestataires, et (2) de r\u00e9pondre aux besoins techniques et commerciaux des clients et prospects. Ce traitement est fond\u00e9 sur (1) la n\u00e9cessit\u00e9 d\u2019ex\u00e9cuter les mesures pr\u00e9contractuelles et contractuelles, et (2) la n\u00e9cessit\u00e9 de respecter une ou des obligation(s) l\u00e9gale(s), notamment dans le cadre de la facturation.<\/li>\n<li><strong>R\u00e9pondre et traiter vos demandes<\/strong>\u00a0dans le cadre de l\u2019exercice des droits issus du RGPD. Ce traitement est fond\u00e9 sur l\u2019obligation l\u00e9gale de respecter l\u2019exercice des droits issus des articles 15 \u00e0 23 du RGPD.<\/li>\n<li><strong>Assurer le bon fonctionnement et la s\u00e9curit\u00e9 du site internet<\/strong>. Ce traitement est fond\u00e9 sur l\u2019int\u00e9r\u00eat l\u00e9gitime de JEMS d\u2019am\u00e9liorer son site et de proposer une navigation s\u00e9curis\u00e9e.<\/li>\n<li><strong>R\u00e9aliser des analyses de l\u2019audience du site internet<\/strong>. Ce traitement est fond\u00e9 sur l\u2019int\u00e9r\u00eat l\u00e9gitime de JEMS d\u2019op\u00e9rer des statistiques sur les visites de son site afin d\u2019am\u00e9liorer la qualit\u00e9 de navigation. Vous pouvez param\u00e9trer vos choix concernant cette collecte de donn\u00e9es ci-dessous.<\/li>\n<\/ul>\n<p>\u00a0<\/p>\n<\/div>\n<\/div>\n<div class=\"content-page begin\">\n<h2 class=\"inter-title left\">3\/\u00a0Pendant combien de temps conservons-nous vos donn\u00e9es ?<\/h2>\n<div class=\"content-text\">\n<p>Vos informations sont conserv\u00e9es pour une dur\u00e9e strictement n\u00e9cessaire \u00e0 la poursuite des objectifs vis\u00e9s ci-avant ou pour satisfaire \u00e0 des obligations l\u00e9gales, r\u00e9glementaires ou administratives ou judiciaires.<\/p>\n<p>\u00a0<\/p>\n<p><img fetchpriority=\"high\" decoding=\"async\" class=\"alignnone size-full wp-image-2007\" src=\"https:\/\/www.jems-group.comwp-content\/uploads\/2021\/01\/politique-de-confide-scaled.jpeg\" sizes=\"(max-width: 1887px) 100vw, 1887px\" srcset=\"https:\/\/www.jems-group.com\/wp-content\/uploads\/2021\/01\/politique-de-confide-scaled.jpeg 1887w, https:\/\/www.jems-group.com\/wp-content\/uploads\/2021\/01\/politique-de-confide-221x300.jpeg 221w, https:\/\/www.jems-group.com\/wp-content\/uploads\/2021\/01\/politique-de-confide-755x1024.jpeg 755w, https:\/\/www.jems-group.com\/wp-content\/uploads\/2021\/01\/politique-de-confide-768x1042.jpeg 768w, https:\/\/www.jems-group.com\/wp-content\/uploads\/2021\/01\/politique-de-confide-1132x1536.jpeg 1132w, https:\/\/www.jems-group.com\/wp-content\/uploads\/2021\/01\/politique-de-confide-1509x2048.jpeg 1509w, https:\/\/www.jems-group.com\/wp-content\/uploads\/2021\/01\/politique-de-confide-59x80.jpeg 59w\" alt=\"politique de confidentialit\u00e9\" width=\"1887\" height=\"2560\" \/><\/p>\n<\/div>\n<\/div>\n<div class=\"content-page begin\">\n<h2>\u00a0<\/h2>\n<h2 class=\"inter-title left\">4\/\u00a0Qui a acc\u00e8s \u00e0 vos donn\u00e9es ?<\/h2>\n<div class=\"content-text\">\n<p>Sont susceptibles d\u2019avoir acc\u00e8s \u00e0 certaines de vos donn\u00e9es les collaborateurs des services administratif, recrutement, ressources humaines, direction des projets, relation clients et commerciales, comptabilit\u00e9 et contr\u00f4le de gestion, informatique.<\/p>\n<p><strong>JEMS<\/strong>\u00a0peut \u00eatre amen\u00e9 \u00e0 communiquer des informations au sein du Groupe<strong>\u00a0JEMS<\/strong>, \u00e0 ses prestataires externes, sous-traitants, partenaires dont l\u2019intervention est strictement n\u00e9cessaire pour r\u00e9aliser l\u2019une des finalit\u00e9s pr\u00e9cit\u00e9es.<\/p>\n<p>Enfin, dans le cadre de ses obligations l\u00e9gales et r\u00e9glementaires,\u00a0<strong>JEMS<\/strong>\u00a0peut \u00eatre tenu de fournir certaines donn\u00e9es aux autorit\u00e9s de police, aux autorit\u00e9s judiciaires et\/ou administratives, notamment dans le cadre d\u2019une proc\u00e9dure judiciaire, lorsqu\u2019elles en font la demande.<\/p>\n<p>\u00a0<\/p>\n<\/div>\n<\/div>\n<div class=\"content-page begin\">\n<h2 class=\"inter-title left\">5\/\u00a0Vos donn\u00e9es sont-elles trait\u00e9es en dehors de l\u2019Espace Economique Europ\u00e9en (E.E.E.) ?<\/h2>\n<div class=\"content-text\">\n<p>Il est possible que des entreprises situ\u00e9es en dehors de l\u2019E.E.E. \u2013 ou faisant partie d\u2019un groupe de soci\u00e9t\u00e9s international au sein duquel les informations circulent librement \u2013 aient \u00e0 conna\u00eetre de vos donn\u00e9es dans le cadre d\u2019un transfert, d\u2019un stockage ou d\u2019un traitement.<\/p>\n<p>Ces transferts s\u2019effectuent de mani\u00e8re occasionnelle, \u00e0 un nombre restreint de personnes en dehors de l\u2019E.E.E. lorsque cela est n\u00e9cessaire afin de permettre \u00e0 JEMS de mettre en oeuvre ce traitement de donn\u00e9es. Dans ce cas, nous nous assurons que le traitement de vos informations soit encadr\u00e9 afin d\u2019offrir des garanties appropri\u00e9es de protection de la vie priv\u00e9e et des droits fondamentaux conform\u00e9ment \u00e0 la pr\u00e9sente politique.<\/p>\n<p>\u00a0<\/p>\n<\/div>\n<\/div>\n<div class=\"content-page begin\">\n<h2 class=\"inter-title left\">6\/\u00a0Quels sont vos droits ? Comment les exercer ?<\/h2>\n<div class=\"content-text\">\n<p>Conform\u00e9ment au RGPD et la loi informatique &amp; libert\u00e9s, vous disposez d\u2019un droit d\u2019acc\u00e8s, de rectification et de suppression des informations vous concernant, ainsi qu\u2019un droit de limitation, de portabilit\u00e9 et d\u2019opposition pour des motifs l\u00e9gitimes.<\/p>\n<p>Afin que vos demandes de droit soient trait\u00e9es dans les meilleures conditions, nous vous prions de bien vouloir nous \u00e9crire \u00e0 dpo@jems-group.com. Nous nous efforcerons de donner suite \u00e0 votre demande dans les d\u00e9lais r\u00e9glementaires.<\/p>\n<p>En cas de r\u00e9ponse insatisfaisante, vous \u00eates en droit de saisir la Commission nationale de l\u2019informatique et des libert\u00e9s (CNIL) via le portail des plaintes (<a href=\"https:\/\/www.cnil.fr\/fr\/plaintes\" target=\"_blank\" rel=\"noopener\"><strong>https:\/\/www.cnil.fr\/fr\/plaintes<\/strong><\/a>) ou par courrier \u00e0 l\u2019adresse suivante : Commission Nationale de l\u2019Informatique et des Libert\u00e9s, 3, Place de Fontenoy, TSA 80715 \u2013 75334 PARIS CEDEX 07.<\/p>\n<p>\u00a0<\/p>\n<\/div>\n<\/div>\n<div class=\"content-page begin\">\n<h2 class=\"inter-title left\">7\/\u00a0Comment prot\u00e9geons-nous vos donn\u00e9es ?<\/h2>\n<div class=\"content-text\">\n<p>En notre qualit\u00e9 de responsable de traitements, nous mettons en \u0153uvre des mesures techniques et organisationnelles appropri\u00e9es, conform\u00e9ment aux dispositions r\u00e9glementaires, afin de pr\u00e9venir toute atteinte \u00e0 la confidentialit\u00e9, \u00e0 la disponibilit\u00e9 ou \u00e0 l\u2019int\u00e9grit\u00e9 de vos informations personnelles.<\/p>\n<p>\u00a0<\/p>\n<\/div>\n<\/div>\n<div class=\"content-page begin\">\n<h2 class=\"inter-title left\">8\/\u00a0Param\u00e9trage de cookies<\/h2>\n<div class=\"content-text\">\n<p>Notre site internet d\u00e9pose des cookies sur votre appareil de navigation. Par d\u00e9faut, nous d\u00e9posons des cookies n\u00e9cessaires au fonctionnement du site (fonction de navigation et s\u00e9curit\u00e9 du site) ainsi qu\u2019un cookie d\u2019analytics respectueux de la vie priv\u00e9e. Ce dernier est configur\u00e9 afin d\u2019anonymiser automatiquement vos donn\u00e9es conform\u00e9ment aux recommandations de la CNIL.<\/p>\n<p>Si vous y consentez, nous partageons \u00e9galement des informations sur l\u2019utilisation de notre site avec nos partenaires qui peuvent ensuite les combiner avec d\u2019autres informations que vous leur avez fournies ou qu\u2019ils ont collect\u00e9s lors de l\u2019utilisation de leurs services.<\/p>\n<p>Lors de votre premi\u00e8re visite sur le site, vous avez pu \u00eatre amen\u00e9 \u00e0 effectuer un choix concernant le d\u00e9p\u00f4t des cookies. Vous pouvez modifier vos choix \u00e0 tout moment en cliquant sur le lien d&rsquo;interface des cookies en bas \u00e0 gauche de l&rsquo;\u00e9cran.<\/p>\n<p>\u00a0<\/p>\n<\/div>\n<\/div>\n<div class=\"content-page begin\">\n<h2 class=\"inter-title left\">9\/\u00a0Modification de la pr\u00e9sente politique<\/h2>\n<div class=\"content-text\">\n<p>JEMS se r\u00e9serve le droit de modifier la pr\u00e9sente Politique de Protection des Donn\u00e9es Personnelles.<\/p>\n<\/div>\n<\/div>\t\t\t\t\t\t\t\t<\/div>\n\t\t\t\t\t<\/div>\n\t\t\t\t<\/div>\n\t\t\t\t<\/div>\n\t\t","protected":false},"excerpt":{"rendered":"<p>La pr\u00e9sente politique de protection des donn\u00e9es personnelles vise \u00e0 vous fournir toutes les informations n\u00e9cessaires \u00e0 la compr\u00e9hension des traitements que nous r\u00e9alisons sur vos donn\u00e9es depuis le site internet de JEMS. De mani\u00e8re g\u00e9n\u00e9rale, vous pouvez visiter notre site Internet sans fournir d\u2019informations personnelles directement identifiantes vous concernant. Pour toute information sur la protection des donn\u00e9es personnelles, vous pouvez \u00e9galement consulter le site de la CNIL :\u00a0www.cnil.fr.<\/p>\n","protected":false},"author":4,"featured_media":20,"parent":0,"menu_order":0,"comment_status":"closed","ping_status":"closed","template":"","meta":{"content-type":"","footnotes":""},"class_list":["post-3","page","type-page","status-publish","has-post-thumbnail","hentry"],"yoast_head":"<!-- This site is optimized with the Yoast SEO plugin v27.5 - https:\/\/yoast.com\/product\/yoast-seo-wordpress\/ -->\n<title>Politique de confidentialit\u00e9 - JEMS<\/title>\n<meta name=\"description\" content=\"Consultez la politique de confidentialit\u00e9 de JEMS. D\u00e9couvrez comment nous prot\u00e9geons vos donn\u00e9es personnelles conform\u00e9ment au RGPD.\" \/>\n<meta name=\"robots\" content=\"index, follow, max-snippet:-1, max-image-preview:large, max-video-preview:-1\" \/>\n<link rel=\"canonical\" href=\"https:\/\/dev.jems-group.com\/politique-de-confidentialite\/\" \/>\n<meta property=\"og:locale\" content=\"fr_FR\" \/>\n<meta property=\"og:type\" content=\"article\" \/>\n<meta property=\"og:title\" content=\"Politique de confidentialit\u00e9 - JEMS\" \/>\n<meta property=\"og:description\" content=\"Consultez la politique de confidentialit\u00e9 de JEMS. D\u00e9couvrez comment nous prot\u00e9geons vos donn\u00e9es personnelles conform\u00e9ment au RGPD.\" \/>\n<meta property=\"og:url\" content=\"https:\/\/dev.jems-group.com\/politique-de-confidentialite\/\" \/>\n<meta property=\"og:site_name\" content=\"JEMS\" \/>\n<meta property=\"article:modified_time\" content=\"2026-04-22T08:56:10+00:00\" \/>\n<meta property=\"og:image\" content=\"https:\/\/dev.jems-group.com\/wp-content\/uploads\/2025\/12\/Jems-logo-couleur.webp\" \/>\n\t<meta property=\"og:image:width\" content=\"1600\" \/>\n\t<meta property=\"og:image:height\" content=\"944\" \/>\n\t<meta property=\"og:image:type\" content=\"image\/webp\" \/>\n<meta name=\"twitter:card\" content=\"summary_large_image\" \/>\n<meta name=\"twitter:label1\" content=\"Dur\u00e9e de lecture estim\u00e9e\" \/>\n\t<meta name=\"twitter:data1\" content=\"6 minutes\" \/>\n<script type=\"application\/ld+json\" class=\"yoast-schema-graph\">{\"@context\":\"https:\\\/\\\/schema.org\",\"@graph\":[{\"@type\":\"WebPage\",\"@id\":\"https:\\\/\\\/dev.jems-group.com\\\/politique-de-confidentialite\\\/\",\"url\":\"https:\\\/\\\/dev.jems-group.com\\\/politique-de-confidentialite\\\/\",\"name\":\"Politique de confidentialit\u00e9 - JEMS\",\"isPartOf\":{\"@id\":\"https:\\\/\\\/www.jems-group.com\\\/#website\"},\"primaryImageOfPage\":{\"@id\":\"https:\\\/\\\/dev.jems-group.com\\\/politique-de-confidentialite\\\/#primaryimage\"},\"image\":{\"@id\":\"https:\\\/\\\/dev.jems-group.com\\\/politique-de-confidentialite\\\/#primaryimage\"},\"thumbnailUrl\":\"https:\\\/\\\/www.jems-group.com\\\/wp-content\\\/uploads\\\/2025\\\/12\\\/Jems-logo-couleur.webp\",\"datePublished\":\"2025-12-04T08:57:07+00:00\",\"dateModified\":\"2026-04-22T08:56:10+00:00\",\"description\":\"Consultez la politique de confidentialit\u00e9 de JEMS. D\u00e9couvrez comment nous prot\u00e9geons vos donn\u00e9es personnelles conform\u00e9ment au RGPD.\",\"breadcrumb\":{\"@id\":\"https:\\\/\\\/dev.jems-group.com\\\/politique-de-confidentialite\\\/#breadcrumb\"},\"inLanguage\":\"fr-FR\",\"potentialAction\":[{\"@type\":\"ReadAction\",\"target\":[\"https:\\\/\\\/dev.jems-group.com\\\/politique-de-confidentialite\\\/\"]}]},{\"@type\":\"ImageObject\",\"inLanguage\":\"fr-FR\",\"@id\":\"https:\\\/\\\/dev.jems-group.com\\\/politique-de-confidentialite\\\/#primaryimage\",\"url\":\"https:\\\/\\\/www.jems-group.com\\\/wp-content\\\/uploads\\\/2025\\\/12\\\/Jems-logo-couleur.webp\",\"contentUrl\":\"https:\\\/\\\/www.jems-group.com\\\/wp-content\\\/uploads\\\/2025\\\/12\\\/Jems-logo-couleur.webp\",\"width\":1600,\"height\":944,\"caption\":\"logo JEMS\"},{\"@type\":\"BreadcrumbList\",\"@id\":\"https:\\\/\\\/dev.jems-group.com\\\/politique-de-confidentialite\\\/#breadcrumb\",\"itemListElement\":[{\"@type\":\"ListItem\",\"position\":1,\"name\":\"Accueil\",\"item\":\"https:\\\/\\\/dev.jems-group.com\\\/\"},{\"@type\":\"ListItem\",\"position\":2,\"name\":\"Politique de confidentialit\u00e9\"}]},{\"@type\":\"WebSite\",\"@id\":\"https:\\\/\\\/www.jems-group.com\\\/#website\",\"url\":\"https:\\\/\\\/www.jems-group.com\\\/\",\"name\":\"JEMS\",\"description\":\"We turn data into AI-powered performance\",\"publisher\":{\"@id\":\"https:\\\/\\\/www.jems-group.com\\\/#organization\"},\"potentialAction\":[{\"@type\":\"SearchAction\",\"target\":{\"@type\":\"EntryPoint\",\"urlTemplate\":\"https:\\\/\\\/www.jems-group.com\\\/?s={search_term_string}\"},\"query-input\":{\"@type\":\"PropertyValueSpecification\",\"valueRequired\":true,\"valueName\":\"search_term_string\"}}],\"inLanguage\":\"fr-FR\"},{\"@type\":\"Organization\",\"@id\":\"https:\\\/\\\/www.jems-group.com\\\/#organization\",\"name\":\"JEMS\",\"url\":\"https:\\\/\\\/www.jems-group.com\\\/\",\"logo\":{\"@type\":\"ImageObject\",\"inLanguage\":\"fr-FR\",\"@id\":\"https:\\\/\\\/www.jems-group.com\\\/#\\\/schema\\\/logo\\\/image\\\/\",\"url\":\"https:\\\/\\\/www.jems-group.com\\\/wp-content\\\/uploads\\\/2025\\\/12\\\/Jems-logo-couleur.webp\",\"contentUrl\":\"https:\\\/\\\/www.jems-group.com\\\/wp-content\\\/uploads\\\/2025\\\/12\\\/Jems-logo-couleur.webp\",\"width\":1600,\"height\":944,\"caption\":\"JEMS\"},\"image\":{\"@id\":\"https:\\\/\\\/www.jems-group.com\\\/#\\\/schema\\\/logo\\\/image\\\/\"},\"sameAs\":[\"https:\\\/\\\/www.linkedin.com\\\/company\\\/jems-group\\\/\",\"https:\\\/\\\/www.youtube.com\\\/@jems-group\"]}]}<\/script>\n<!-- \/ Yoast SEO plugin. -->","yoast_head_json":{"title":"Politique de confidentialit\u00e9 - JEMS","description":"Consultez la politique de confidentialit\u00e9 de JEMS. D\u00e9couvrez comment nous prot\u00e9geons vos donn\u00e9es personnelles conform\u00e9ment au RGPD.","robots":{"index":"index","follow":"follow","max-snippet":"max-snippet:-1","max-image-preview":"max-image-preview:large","max-video-preview":"max-video-preview:-1"},"canonical":"https:\/\/dev.jems-group.com\/politique-de-confidentialite\/","og_locale":"fr_FR","og_type":"article","og_title":"Politique de confidentialit\u00e9 - JEMS","og_description":"Consultez la politique de confidentialit\u00e9 de JEMS. D\u00e9couvrez comment nous prot\u00e9geons vos donn\u00e9es personnelles conform\u00e9ment au RGPD.","og_url":"https:\/\/dev.jems-group.com\/politique-de-confidentialite\/","og_site_name":"JEMS","article_modified_time":"2026-04-22T08:56:10+00:00","og_image":[{"width":1600,"height":944,"url":"https:\/\/dev.jems-group.com\/wp-content\/uploads\/2025\/12\/Jems-logo-couleur.webp","type":"image\/webp"}],"twitter_card":"summary_large_image","twitter_misc":{"Dur\u00e9e de lecture estim\u00e9e":"6 minutes"},"schema":{"@context":"https:\/\/schema.org","@graph":[{"@type":"WebPage","@id":"https:\/\/dev.jems-group.com\/politique-de-confidentialite\/","url":"https:\/\/dev.jems-group.com\/politique-de-confidentialite\/","name":"Politique de confidentialit\u00e9 - JEMS","isPartOf":{"@id":"https:\/\/www.jems-group.com\/#website"},"primaryImageOfPage":{"@id":"https:\/\/dev.jems-group.com\/politique-de-confidentialite\/#primaryimage"},"image":{"@id":"https:\/\/dev.jems-group.com\/politique-de-confidentialite\/#primaryimage"},"thumbnailUrl":"https:\/\/www.jems-group.com\/wp-content\/uploads\/2025\/12\/Jems-logo-couleur.webp","datePublished":"2025-12-04T08:57:07+00:00","dateModified":"2026-04-22T08:56:10+00:00","description":"Consultez la politique de confidentialit\u00e9 de JEMS. D\u00e9couvrez comment nous prot\u00e9geons vos donn\u00e9es personnelles conform\u00e9ment au RGPD.","breadcrumb":{"@id":"https:\/\/dev.jems-group.com\/politique-de-confidentialite\/#breadcrumb"},"inLanguage":"fr-FR","potentialAction":[{"@type":"ReadAction","target":["https:\/\/dev.jems-group.com\/politique-de-confidentialite\/"]}]},{"@type":"ImageObject","inLanguage":"fr-FR","@id":"https:\/\/dev.jems-group.com\/politique-de-confidentialite\/#primaryimage","url":"https:\/\/www.jems-group.com\/wp-content\/uploads\/2025\/12\/Jems-logo-couleur.webp","contentUrl":"https:\/\/www.jems-group.com\/wp-content\/uploads\/2025\/12\/Jems-logo-couleur.webp","width":1600,"height":944,"caption":"logo JEMS"},{"@type":"BreadcrumbList","@id":"https:\/\/dev.jems-group.com\/politique-de-confidentialite\/#breadcrumb","itemListElement":[{"@type":"ListItem","position":1,"name":"Accueil","item":"https:\/\/dev.jems-group.com\/"},{"@type":"ListItem","position":2,"name":"Politique de confidentialit\u00e9"}]},{"@type":"WebSite","@id":"https:\/\/www.jems-group.com\/#website","url":"https:\/\/www.jems-group.com\/","name":"JEMS","description":"We turn data into AI-powered performance","publisher":{"@id":"https:\/\/www.jems-group.com\/#organization"},"potentialAction":[{"@type":"SearchAction","target":{"@type":"EntryPoint","urlTemplate":"https:\/\/www.jems-group.com\/?s={search_term_string}"},"query-input":{"@type":"PropertyValueSpecification","valueRequired":true,"valueName":"search_term_string"}}],"inLanguage":"fr-FR"},{"@type":"Organization","@id":"https:\/\/www.jems-group.com\/#organization","name":"JEMS","url":"https:\/\/www.jems-group.com\/","logo":{"@type":"ImageObject","inLanguage":"fr-FR","@id":"https:\/\/www.jems-group.com\/#\/schema\/logo\/image\/","url":"https:\/\/www.jems-group.com\/wp-content\/uploads\/2025\/12\/Jems-logo-couleur.webp","contentUrl":"https:\/\/www.jems-group.com\/wp-content\/uploads\/2025\/12\/Jems-logo-couleur.webp","width":1600,"height":944,"caption":"JEMS"},"image":{"@id":"https:\/\/www.jems-group.com\/#\/schema\/logo\/image\/"},"sameAs":["https:\/\/www.linkedin.com\/company\/jems-group\/","https:\/\/www.youtube.com\/@jems-group"]}]}},"_links":{"self":[{"href":"https:\/\/www.jems-group.com\/fr\/wp-json\/wp\/v2\/pages\/3","targetHints":{"allow":["GET"]}}],"collection":[{"href":"https:\/\/www.jems-group.com\/fr\/wp-json\/wp\/v2\/pages"}],"about":[{"href":"https:\/\/www.jems-group.com\/fr\/wp-json\/wp\/v2\/types\/page"}],"author":[{"embeddable":true,"href":"https:\/\/www.jems-group.com\/fr\/wp-json\/wp\/v2\/users\/4"}],"replies":[{"embeddable":true,"href":"https:\/\/www.jems-group.com\/fr\/wp-json\/wp\/v2\/comments?post=3"}],"version-history":[{"count":0,"href":"https:\/\/www.jems-group.com\/fr\/wp-json\/wp\/v2\/pages\/3\/revisions"}],"wp:featuredmedia":[{"embeddable":true,"href":"https:\/\/www.jems-group.com\/fr\/wp-json\/wp\/v2\/media\/20"}],"wp:attachment":[{"href":"https:\/\/www.jems-group.com\/fr\/wp-json\/wp\/v2\/media?parent=3"}],"curies":[{"name":"wp","href":"https:\/\/api.w.org\/{rel}","templated":true}]}}